{"id":1104,"date":"2025-01-23T10:05:17","date_gmt":"2025-01-23T09:05:17","guid":{"rendered":"http:\/\/swisscapital.nextindustry.com\/?page_id=1104"},"modified":"2025-02-20T16:31:27","modified_gmt":"2025-02-20T16:31:27","slug":"trust-essentials","status":"publish","type":"page","link":"https:\/\/swiss-trustees.com\/fr\/trust-essentials\/","title":{"rendered":"Essentiels du Trust"},"content":{"rendered":"<div class=\"wp-block-uagb-container uagb-block-ocmptiou alignfull uagb-is-root-container\"><div class=\"uagb-container-inner-blocks-wrap\">\n<div class=\"wp-block-uagb-info-box uagb-block-mcv6eoap uagb-infobox__content-wrap  uagb-infobox-icon-above-title uagb-infobox-image-valign-top\"><div class=\"uagb-ifb-content\"><div class=\"uagb-ifb-title-wrap\"><h2 class=\"uagb-ifb-title\">Comment fonctionne un trust?<\/h2><\/div><p class=\"uagb-ifb-desc\">Le trust est un accord fiduciaire qui permet \u00e0 un constituant (settlor) de transf\u00e9rer la propri\u00e9t\u00e9 de certains biens \u00e0 un trustee, charg\u00e9 de les g\u00e9rer et de les administrer au profit d'un ou plusieurs b\u00e9n\u00e9ficiaires d\u00e9sign\u00e9s par le settlor, conform\u00e9ment aux r\u00e8gles \u00e9tablies dans l'acte constitutif du trust.<\/p><\/div><\/div>\n\n\n\n<div class=\"wp-block-uagb-container uagb-block-4hnp9vr5\">\n<div data-aos= \"fade-up\" data-aos-duration=\"400\" data-aos-delay=\"0\" data-aos-easing=\"ease\" data-aos-once=\"true\" class=\"wp-block-uagb-container uagb-block-p19aztvp\">\n<div class=\"wp-block-uagb-container uagb-block-ctmmcfpl\">\n<div class=\"wp-block-uagb-advanced-heading uagb-block-xw6m5kn2\"><h3 class=\"uagb-heading-text\">1. Les parties impliqu\u00e9es<\/h3><\/div>\n<\/div>\n\n\n\n<div class=\"wp-block-uagb-container uagb-block-ofaznuyz\">\n<div class=\"wp-block-uagb-advanced-heading uagb-block-uxgm55se\"><p class=\"uagb-heading-text\">Un trust implique quatre parties principales:<br><br><strong>Constituant (Settlor):\u00a0\u00a0<\/strong>La personne ou l'entit\u00e9 qui \u00e9tablit le trust, transf\u00e8re les biens et d\u00e9finit les r\u00e8gles de gestion et de distribution.<br><strong>Trustee:\u00a0<\/strong>La personne ou l'entit\u00e9 qui \u00e9tablit le trust, transf\u00e8re les biens et d\u00e9finit les r\u00e8gles de gestion et de distribution.<br><strong>B\u00e9n\u00e9ficiaires:\u00a0<\/strong>Les personnes ou entit\u00e9s qui re\u00e7oivent les b\u00e9n\u00e9fices du trust (biens, revenus ou avantages sp\u00e9cifiques).<br><strong>Protecteur (optionnel):<\/strong>\u00a0Une figure nomm\u00e9e pour superviser le trustee et garantir que le trust est g\u00e9r\u00e9 conform\u00e9ment aux volont\u00e9s du constituant.<\/p><\/div>\n<\/div>\n<\/div>\n\n\n\n<div data-aos= \"fade-up\" data-aos-duration=\"400\" data-aos-delay=\"0\" data-aos-easing=\"ease\" data-aos-once=\"true\" class=\"wp-block-uagb-container uagb-block-obd8gmzj\">\n<div class=\"wp-block-uagb-container uagb-block-9chkmzjs\">\n<div class=\"wp-block-uagb-advanced-heading uagb-block-hnrstyv2\"><h3 class=\"uagb-heading-text\">2. Comment est-il \u00e9tabli?<\/h3><\/div>\n<\/div>\n\n\n\n<div class=\"wp-block-uagb-container uagb-block-3uehnzjg\">\n<div class=\"wp-block-uagb-advanced-heading uagb-block-t8tuikak\"><p class=\"uagb-heading-text\">La mise en place d'un trust se d\u00e9roule en quatre \u00e9tapes principales:<br><br><strong>D\u00e9finition des objectifs:&nbsp;<\/strong>Le constituant d\u00e9finit les finalit\u00e9s du trust, telles que la protection patrimoniale, la planification successorale, la philanthropie ou la gestion de biens complexes.<br><strong>Cr\u00e9ation de l'acte constitutif:&nbsp;<\/strong>Les documents l\u00e9gaux qui \u00e9tablissent les r\u00e8gles du trust, les droits et obligations des parties impliqu\u00e9es.<br><strong>Transfert des biens:&nbsp;<\/strong>Le constituant transf\u00e8re les biens au trustee, qui les int\u00e8gre dans le trust.<br><strong>Administration:&nbsp;<\/strong>Le trustee g\u00e8re les biens dans l\u2019int\u00e9r\u00eat des b\u00e9n\u00e9ficiaires, conform\u00e9ment aux r\u00e8gles \u00e9tablies et aux lois en vigueur.<\/p><\/div>\n<\/div>\n<\/div>\n\n\n\n<div data-aos= \"fade-up\" data-aos-duration=\"400\" data-aos-delay=\"0\" data-aos-easing=\"ease\" data-aos-once=\"true\" class=\"wp-block-uagb-container uagb-block-38291f33\">\n<div class=\"wp-block-uagb-container uagb-block-de09c6b1\">\n<div class=\"wp-block-uagb-advanced-heading uagb-block-ba8fe6d6\"><h3 class=\"uagb-heading-text\">3. Comment fonctionne un trust?<\/h3><\/div>\n<\/div>\n\n\n\n<div class=\"wp-block-uagb-container uagb-block-f1096a37\">\n<div class=\"wp-block-uagb-advanced-heading uagb-block-32e247a7\"><p class=\"uagb-heading-text\">Le fonctionnement d\u2019un trust repose sur trois piliers:<br><strong>A. S\u00e9gr\u00e9gation des biens:<\/strong><br>Les biens transf\u00e9r\u00e9s au trust sont s\u00e9par\u00e9s du patrimoine personnel du constituant et du trustee. Cela garantit une protection contre les cr\u00e9anciers et les litiges juridiques.<br><strong>B. Administration des biens:<\/strong><br>Le trustee administre les biens du trust, qui peuvent inclure des investissements, des biens immobiliers, des \u0153uvres d\u2019art et d\u2019autres actifs. Les d\u00e9cisions sont prises en fonction des termes de l\u2019acte constitutif.<br><strong>C. Distribution aux b\u00e9n\u00e9ficiaires:<\/strong><br><strong>D\u00e9signation des b\u00e9n\u00e9ficiaires:<\/strong>&nbsp;Les b\u00e9n\u00e9ficiaires sont nomm\u00e9s par le constituant dans l\u2019acte constitutif, qui pr\u00e9cise qui recevra les biens ou les revenus et de quelle mani\u00e8re.<br><strong>Droits des b\u00e9n\u00e9ficiaires:\u00a0<\/strong>&nbsp;Les b\u00e9n\u00e9ficiaires peuvent avoir des droits fixes (par exemple, des revenus r\u00e9guliers) ou d\u00e9pendre de la discr\u00e9tion du trustee (trusts discr\u00e9tionnaires).<br><strong>Modalit\u00e9s de distribution:&nbsp;<\/strong>Le trustee transf\u00e8re les biens ou les revenus aux b\u00e9n\u00e9ficiaires selon les r\u00e8gles du trust. Ce processus peut inclure des transferts de propri\u00e9t\u00e9 directe ou des paiements p\u00e9riodiques.<\/p><\/div>\n<\/div>\n<\/div>\n\n\n\n<div data-aos= \"fade-up\" data-aos-duration=\"400\" data-aos-delay=\"0\" data-aos-easing=\"ease\" data-aos-once=\"true\" class=\"wp-block-uagb-container uagb-block-d797533e\">\n<div class=\"wp-block-uagb-container uagb-block-c26cc1f1\">\n<div class=\"wp-block-uagb-advanced-heading uagb-block-d64965f4\"><h3 class=\"uagb-heading-text\">4. Avantages d\u2019un trust<\/h3><\/div>\n<\/div>\n\n\n\n<div class=\"wp-block-uagb-container uagb-block-2c4e318f\">\n<div class=\"wp-block-uagb-advanced-heading uagb-block-7869c838\"><p class=\"uagb-heading-text\"><strong>Protection patrimoniale:&nbsp;<\/strong>Les biens du trust sont prot\u00e9g\u00e9s contre les risques juridiques et financiers.<br><strong>Planification successorale:&nbsp;<\/strong>Un trust garantit une transmission ordonn\u00e9e du patrimoine entre g\u00e9n\u00e9rations, conform\u00e9ment aux volont\u00e9s du constituant.<br><strong>Flexibilit\u00e9:<\/strong>&nbsp;La structure du trust peut \u00eatre personnalis\u00e9e pour r\u00e9pondre \u00e0 des besoins sp\u00e9cifiques, comme la protection des personnes vuln\u00e9rables ou la gestion de biens internationaux.<br><strong>Confidentialit\u00e9:<\/strong>&nbsp;Le trust prot\u00e8ge la vie priv\u00e9e du constituant et des b\u00e9n\u00e9ficiaires, en maintenant la confidentialit\u00e9 des informations patrimoniales.<br><strong>Efficacit\u00e9 fiscale:&nbsp;<\/strong>Un trust bien structur\u00e9 peut offrir des avantages fiscaux significatifs, en optimisant les co\u00fbts li\u00e9s \u00e0 la succession et \u00e0 la gestion patrimoniale.<\/p><\/div>\n<\/div>\n<\/div>\n<\/div>\n<\/div><\/div>\n\n\n\n<div class=\"wp-block-uagb-container uagb-block-uzxkyjt4 alignfull uagb-is-root-container\"><div class=\"uagb-container-inner-blocks-wrap\">\n<div class=\"wp-block-uagb-info-box uagb-block-uv6rcxlp uagb-infobox__content-wrap  uagb-infobox-icon-above-title uagb-infobox-image-valign-top\"><div class=\"uagb-ifb-content\"><div class=\"uagb-ifb-title-wrap\"><\/div><div class=\"uagb-ifb-desc\">\n<p class=\"has-medium-font-size translation-block\">Faire confiance \u00e0 un trustee professionnel et r\u00e9glement\u00e9, tel que\u00a0<strong>Swiss Capital Guard Trustee<\/strong>, garantit une gestion experte et conforme aux r\u00e9glementations, offrant s\u00e9r\u00e9nit\u00e9 et s\u00e9curit\u00e9 dans la protection de votre patrimoine.<\/p>\n<\/div><\/div><\/div>\n<\/div><\/div>\n\n\n\n<div class=\"wp-block-uagb-container uagb-block-uvhfwxkr alignfull uagb-is-root-container\"><div class=\"uagb-container-inner-blocks-wrap\">\n<div class=\"wp-block-uagb-info-box uagb-block-hppzegli uagb-infobox__content-wrap  uagb-infobox-icon-above-title uagb-infobox-image-valign-top\"><div class=\"uagb-ifb-content\"><div class=\"uagb-ifb-title-wrap\"><h2 class=\"uagb-ifb-title\">Pour qui un trust est-il adapt\u00e9?<\/h2><\/div><\/div><\/div>\n\n\n\n<div class=\"wp-block-uagb-info-box uagb-block-fwnbvio1 uagb-infobox__content-wrap  uagb-infobox-icon-above-title uagb-infobox-image-valign-top\"><div class=\"uagb-ifb-content\"><div class=\"uagb-ifb-title-wrap\"><h3 class=\"uagb-ifb-title-prefix\">Un trust est une solution flexible et personnalisable, id\u00e9ale pour r\u00e9pondre \u00e0 une large gamme de besoins patrimoniaux et familiaux. Voici les principaux profils pour lesquels un trust repr\u00e9sente un outil adapt\u00e9:<\/h3><\/div><\/div><\/div>\n\n\n\n<div class=\"wp-block-uagb-container uagb-block-augwxxus\">\n<div class=\"wp-block-uagb-container uagb-block-vhcitlpy\">\n<div data-aos= \"fade-up\" data-aos-duration=\"400\" data-aos-delay=\"0\" data-aos-easing=\"ease\" data-aos-once=\"true\" class=\"wp-block-uagb-info-box uagb-block-nsfocd0u uagb-infobox__content-wrap  uagb-infobox-icon-left uagb-infobox-left uagb-infobox-stacked-tablet uagb-infobox-image-valign-top wp-block-uagb-info-box--has-margin\"><div class=\"uagb-infobox-margin-wrapper\"><div class=\"uagb-ifb-icon-wrap\"><svg xmlns=\"https:\/\/www.w3.org\/2000\/svg\" viewbox=\"0 0 448 512\"><path d=\"M438.6 105.4C451.1 117.9 451.1 138.1 438.6 150.6L182.6 406.6C170.1 419.1 149.9 419.1 137.4 406.6L9.372 278.6C-3.124 266.1-3.124 245.9 9.372 233.4C21.87 220.9 42.13 220.9 54.63 233.4L159.1 338.7L393.4 105.4C405.9 92.88 426.1 92.88 438.6 105.4H438.6z\"><\/path><\/svg><\/div><div class=\"uagb-ifb-content\"><div class=\"uagb-ifb-title-wrap\"><h4 class=\"uagb-ifb-title\">Familles avec des patrimoines significatifs<\/h4><\/div><p class=\"uagb-ifb-desc\">Familles poss\u00e9dant des biens complexes ou r\u00e9partis dans plusieurs juridictions.<br>Besoins de planification successorale pour garantir la continuit\u00e9 et la protection du patrimoine g\u00e9n\u00e9rationnel.<br>Situations n\u00e9cessitant de pr\u00e9server et de transmettre des richesses tout en \u00e9vitant des conflits entre h\u00e9ritiers.<\/p><\/div><\/div><\/div>\n\n\n\n<div data-aos= \"fade-up\" data-aos-duration=\"400\" data-aos-delay=\"0\" data-aos-easing=\"ease\" data-aos-once=\"true\" class=\"wp-block-uagb-info-box uagb-block-8fqubtmx uagb-infobox__content-wrap  uagb-infobox-icon-left uagb-infobox-left uagb-infobox-stacked-tablet uagb-infobox-image-valign-top wp-block-uagb-info-box--has-margin\"><div class=\"uagb-infobox-margin-wrapper\"><div class=\"uagb-ifb-icon-wrap\"><svg xmlns=\"https:\/\/www.w3.org\/2000\/svg\" viewbox=\"0 0 448 512\"><path d=\"M438.6 105.4C451.1 117.9 451.1 138.1 438.6 150.6L182.6 406.6C170.1 419.1 149.9 419.1 137.4 406.6L9.372 278.6C-3.124 266.1-3.124 245.9 9.372 233.4C21.87 220.9 42.13 220.9 54.63 233.4L159.1 338.7L393.4 105.4C405.9 92.88 426.1 92.88 438.6 105.4H438.6z\"><\/path><\/svg><\/div><div class=\"uagb-ifb-content\"><div class=\"uagb-ifb-title-wrap\"><h4 class=\"uagb-ifb-title\">Entrepreneurs et entreprises familiales<\/h4><\/div><p class=\"uagb-ifb-desc\">Entrepreneurs souhaitant assurer la continuit\u00e9 de l\u2019entreprise familiale, en la prot\u00e9geant contre des risques juridiques ou \u00e9conomiques.<br>Structuration de participations soci\u00e9taires pour simplifier la gouvernance et garantir la stabilit\u00e9 en cas de succession.<br>Strutturazione di partecipazioni aziendali per semplificare la governance e garantire stabilit\u00e0 in caso di successione.<\/p><\/div><\/div><\/div>\n\n\n\n<div data-aos= \"fade-up\" data-aos-duration=\"400\" data-aos-delay=\"0\" data-aos-easing=\"ease\" data-aos-once=\"true\" class=\"wp-block-uagb-info-box uagb-block-hpz0gifb uagb-infobox__content-wrap  uagb-infobox-icon-left uagb-infobox-left uagb-infobox-stacked-tablet uagb-infobox-image-valign-top wp-block-uagb-info-box--has-margin\"><div class=\"uagb-infobox-margin-wrapper\"><div class=\"uagb-ifb-icon-wrap\"><svg xmlns=\"https:\/\/www.w3.org\/2000\/svg\" viewbox=\"0 0 448 512\"><path d=\"M438.6 105.4C451.1 117.9 451.1 138.1 438.6 150.6L182.6 406.6C170.1 419.1 149.9 419.1 137.4 406.6L9.372 278.6C-3.124 266.1-3.124 245.9 9.372 233.4C21.87 220.9 42.13 220.9 54.63 233.4L159.1 338.7L393.4 105.4C405.9 92.88 426.1 92.88 438.6 105.4H438.6z\"><\/path><\/svg><\/div><div class=\"uagb-ifb-content\"><div class=\"uagb-ifb-title-wrap\"><h4 class=\"uagb-ifb-title\">Individus ayant des besoins sp\u00e9cifiques<\/h4><\/div><p class=\"uagb-ifb-desc\">Protection des membres vuln\u00e9rables de la famille, tels que les enfants mineurs, les personnes \u00e2g\u00e9es ou en situation de handicap.<br>Besoin de protection contre des revendications de tiers, comme des cr\u00e9anciers ou des litiges matrimoniaux.<\/p><\/div><\/div><\/div>\n\n\n\n<div data-aos= \"fade-up\" data-aos-duration=\"400\" data-aos-delay=\"0\" data-aos-easing=\"ease\" data-aos-once=\"true\" class=\"wp-block-uagb-info-box uagb-block-c352f597 uagb-infobox__content-wrap  uagb-infobox-icon-left uagb-infobox-left uagb-infobox-stacked-tablet uagb-infobox-image-valign-top wp-block-uagb-info-box--has-margin\"><div class=\"uagb-infobox-margin-wrapper\"><div class=\"uagb-ifb-icon-wrap\"><svg xmlns=\"https:\/\/www.w3.org\/2000\/svg\" viewbox=\"0 0 448 512\"><path d=\"M438.6 105.4C451.1 117.9 451.1 138.1 438.6 150.6L182.6 406.6C170.1 419.1 149.9 419.1 137.4 406.6L9.372 278.6C-3.124 266.1-3.124 245.9 9.372 233.4C21.87 220.9 42.13 220.9 54.63 233.4L159.1 338.7L393.4 105.4C405.9 92.88 426.1 92.88 438.6 105.4H438.6z\"><\/path><\/svg><\/div><div class=\"uagb-ifb-content\"><div class=\"uagb-ifb-title-wrap\"><h4 class=\"uagb-ifb-title\">Clients avec des objectifs philanthropiques<\/h4><\/div><p class=\"uagb-ifb-desc\">Familles et individus souhaitant cr\u00e9er des trusts ou des fondations pour soutenir des projets caritatifs ou des initiatives philanthropiques de long terme.<br>Solutions structur\u00e9es pour garantir que les donations soient g\u00e9r\u00e9es efficacement et en conformit\u00e9 avec les objectifs du constituant.<\/p><\/div><\/div><\/div>\n\n\n\n<div data-aos= \"fade-up\" data-aos-duration=\"400\" data-aos-delay=\"0\" data-aos-easing=\"ease\" data-aos-once=\"true\" class=\"wp-block-uagb-info-box uagb-block-b4c026aa uagb-infobox__content-wrap  uagb-infobox-icon-left uagb-infobox-left uagb-infobox-stacked-tablet uagb-infobox-image-valign-top wp-block-uagb-info-box--has-margin\"><div class=\"uagb-infobox-margin-wrapper\"><div class=\"uagb-ifb-icon-wrap\"><svg xmlns=\"https:\/\/www.w3.org\/2000\/svg\" viewbox=\"0 0 448 512\"><path d=\"M438.6 105.4C451.1 117.9 451.1 138.1 438.6 150.6L182.6 406.6C170.1 419.1 149.9 419.1 137.4 406.6L9.372 278.6C-3.124 266.1-3.124 245.9 9.372 233.4C21.87 220.9 42.13 220.9 54.63 233.4L159.1 338.7L393.4 105.4C405.9 92.88 426.1 92.88 438.6 105.4H438.6z\"><\/path><\/svg><\/div><div class=\"uagb-ifb-content\"><div class=\"uagb-ifb-title-wrap\"><h4 class=\"uagb-ifb-title\">Clients internationaux<\/h4><\/div><p class=\"uagb-ifb-desc\">Individus poss\u00e9dant des biens et des b\u00e9n\u00e9ficiaires r\u00e9partis dans plusieurs pays, n\u00e9cessitant une gestion patrimoniale conforme aux r\u00e9glementations internationales.<br>Situations exigeant confidentialit\u00e9 et protection du patrimoine dans plusieurs juridictions.<\/p><\/div><\/div><\/div>\n\n\n\n<div data-aos= \"fade-up\" data-aos-duration=\"400\" data-aos-delay=\"0\" data-aos-easing=\"ease\" data-aos-once=\"true\" class=\"wp-block-uagb-info-box uagb-block-2a860475 uagb-infobox__content-wrap  uagb-infobox-icon-left uagb-infobox-left uagb-infobox-stacked-tablet uagb-infobox-image-valign-top wp-block-uagb-info-box--has-margin\"><div class=\"uagb-infobox-margin-wrapper\"><div class=\"uagb-ifb-icon-wrap\"><svg xmlns=\"https:\/\/www.w3.org\/2000\/svg\" viewbox=\"0 0 448 512\"><path d=\"M438.6 105.4C451.1 117.9 451.1 138.1 438.6 150.6L182.6 406.6C170.1 419.1 149.9 419.1 137.4 406.6L9.372 278.6C-3.124 266.1-3.124 245.9 9.372 233.4C21.87 220.9 42.13 220.9 54.63 233.4L159.1 338.7L393.4 105.4C405.9 92.88 426.1 92.88 438.6 105.4H438.6z\"><\/path><\/svg><\/div><div class=\"uagb-ifb-content\"><div class=\"uagb-ifb-title-wrap\"><h4 class=\"uagb-ifb-title\">Investisseurs et collectionneurs<\/h4><\/div><p class=\"uagb-ifb-desc\">Propri\u00e9taires de biens de luxe tels que des \u0153uvres d\u2019art, yachts, propri\u00e9t\u00e9s de prestige et bijoux, n\u00e9cessitant une gestion d\u00e9di\u00e9e et des solutions pour pr\u00e9server et valoriser ces actifs.<\/p><\/div><\/div><\/div>\n\n\n\n<div data-aos= \"fade-up\" data-aos-duration=\"400\" data-aos-delay=\"0\" data-aos-easing=\"ease\" data-aos-once=\"true\" class=\"wp-block-uagb-info-box uagb-block-a72f03e8 uagb-infobox__content-wrap  uagb-infobox-icon-left uagb-infobox-left uagb-infobox-stacked-tablet uagb-infobox-image-valign-top wp-block-uagb-info-box--has-margin\"><div class=\"uagb-infobox-margin-wrapper\"><div class=\"uagb-ifb-icon-wrap\"><svg xmlns=\"https:\/\/www.w3.org\/2000\/svg\" viewbox=\"0 0 448 512\"><path d=\"M438.6 105.4C451.1 117.9 451.1 138.1 438.6 150.6L182.6 406.6C170.1 419.1 149.9 419.1 137.4 406.6L9.372 278.6C-3.124 266.1-3.124 245.9 9.372 233.4C21.87 220.9 42.13 220.9 54.63 233.4L159.1 338.7L393.4 105.4C405.9 92.88 426.1 92.88 438.6 105.4H438.6z\"><\/path><\/svg><\/div><div class=\"uagb-ifb-content\"><div class=\"uagb-ifb-title-wrap\"><h4 class=\"uagb-ifb-title\">Influenceurs, artistes et professionnels du divertissement<\/h4><\/div><p class=\"uagb-ifb-desc\">Gestion et protection des revenus provenant de parrainages, droits d\u2019auteur, merchandising et autres activit\u00e9s cr\u00e9atives.<br>Structuration du patrimoine pour optimiser la fiscalit\u00e9 et planifier \u00e0 long terme.<br>Protection du patrimoine contre les risques juridiques, contractuels ou li\u00e9s \u00e0 la r\u00e9putation.<br>Planification pour garantir une gestion continue et structur\u00e9e de la marque personnelle ou des activit\u00e9s artistiques en cas d\u2019impr\u00e9vu.<\/p><\/div><\/div><\/div>\n<\/div>\n\n\n\n<div class=\"wp-block-uagb-container uagb-block-7be499fc\"><\/div>\n<\/div>\n<\/div><\/div>","protected":false},"excerpt":{"rendered":"<p>1. The parties involved A trust involves four main parties: Settlor:\u00a0The person or entity who establishes the trust, transfers the assets, and defines the rules for management and distribution.Trustee:\u00a0The entity or individual responsible for managing the assets, with the duty to act exclusively in the interests of the beneficiaries and in accordance with the terms [&hellip;]<\/p>","protected":false},"author":1,"featured_media":0,"parent":0,"menu_order":0,"comment_status":"closed","ping_status":"closed","template":"","meta":{"_uag_custom_page_level_css":"","site-sidebar-layout":"no-sidebar","site-content-layout":"","ast-site-content-layout":"normal-width-container","site-content-style":"default","site-sidebar-style":"default","ast-global-header-display":"","ast-banner-title-visibility":"","ast-main-header-display":"","ast-hfb-above-header-display":"","ast-hfb-below-header-display":"","ast-hfb-mobile-header-display":"","site-post-title":"disabled","ast-breadcrumbs-content":"","ast-featured-img":"","footer-sml-layout":"","theme-transparent-header-meta":"","adv-header-id-meta":"","stick-header-meta":"","header-above-stick-meta":"","header-main-stick-meta":"","header-below-stick-meta":"","astra-migrate-meta-layouts":"set","ast-page-background-enabled":"default","ast-page-background-meta":{"desktop":{"background-color":"var(--ast-global-color-4)","background-image":"","background-repeat":"repeat","background-position":"center center","background-size":"auto","background-attachment":"scroll","background-type":"","background-media":"","overlay-type":"","overlay-color":"","overlay-opacity":"","overlay-gradient":""},"tablet":{"background-color":"","background-image":"","background-repeat":"repeat","background-position":"center center","background-size":"auto","background-attachment":"scroll","background-type":"","background-media":"","overlay-type":"","overlay-color":"","overlay-opacity":"","overlay-gradient":""},"mobile":{"background-color":"","background-image":"","background-repeat":"repeat","background-position":"center center","background-size":"auto","background-attachment":"scroll","background-type":"","background-media":"","overlay-type":"","overlay-color":"","overlay-opacity":"","overlay-gradient":""}},"ast-content-background-meta":{"desktop":{"background-color":"var(--ast-global-color-5)","background-image":"","background-repeat":"repeat","background-position":"center center","background-size":"auto","background-attachment":"scroll","background-type":"","background-media":"","overlay-type":"","overlay-color":"","overlay-opacity":"","overlay-gradient":""},"tablet":{"background-color":"var(--ast-global-color-5)","background-image":"","background-repeat":"repeat","background-position":"center center","background-size":"auto","background-attachment":"scroll","background-type":"","background-media":"","overlay-type":"","overlay-color":"","overlay-opacity":"","overlay-gradient":""},"mobile":{"background-color":"var(--ast-global-color-5)","background-image":"","background-repeat":"repeat","background-position":"center center","background-size":"auto","background-attachment":"scroll","background-type":"","background-media":"","overlay-type":"","overlay-color":"","overlay-opacity":"","overlay-gradient":""}},"footnotes":""},"class_list":["post-1104","page","type-page","status-publish","hentry"],"uagb_featured_image_src":{"full":false,"thumbnail":false,"medium":false,"medium_large":false,"large":false,"1536x1536":false,"2048x2048":false,"trp-custom-language-flag":false},"uagb_author_info":{"display_name":"nextadmin","author_link":"https:\/\/swiss-trustees.com\/fr\/author\/nextadmin\/"},"uagb_comment_info":0,"uagb_excerpt":"1. The parties involved A trust involves four main parties: Settlor:\u00a0The person or entity who establishes the trust, transfers the assets, and defines the rules for management and distribution.Trustee:\u00a0The entity or individual responsible for managing the assets, with the duty to act exclusively in the interests of the beneficiaries and in accordance with the terms\u2026","_links":{"self":[{"href":"https:\/\/swiss-trustees.com\/fr\/wp-json\/wp\/v2\/pages\/1104","targetHints":{"allow":["GET"]}}],"collection":[{"href":"https:\/\/swiss-trustees.com\/fr\/wp-json\/wp\/v2\/pages"}],"about":[{"href":"https:\/\/swiss-trustees.com\/fr\/wp-json\/wp\/v2\/types\/page"}],"author":[{"embeddable":true,"href":"https:\/\/swiss-trustees.com\/fr\/wp-json\/wp\/v2\/users\/1"}],"replies":[{"embeddable":true,"href":"https:\/\/swiss-trustees.com\/fr\/wp-json\/wp\/v2\/comments?post=1104"}],"version-history":[{"count":1,"href":"https:\/\/swiss-trustees.com\/fr\/wp-json\/wp\/v2\/pages\/1104\/revisions"}],"predecessor-version":[{"id":1376,"href":"https:\/\/swiss-trustees.com\/fr\/wp-json\/wp\/v2\/pages\/1104\/revisions\/1376"}],"wp:attachment":[{"href":"https:\/\/swiss-trustees.com\/fr\/wp-json\/wp\/v2\/media?parent=1104"}],"curies":[{"name":"wp","href":"https:\/\/api.w.org\/{rel}","templated":true}]}}