{"id":1109,"date":"2025-01-23T10:08:30","date_gmt":"2025-01-23T09:08:30","guid":{"rendered":"http:\/\/swisscapital.nextindustry.com\/?page_id=1109"},"modified":"2025-03-25T17:34:35","modified_gmt":"2025-03-25T17:34:35","slug":"why-choose-us","status":"publish","type":"page","link":"https:\/\/swiss-trustees.com\/fr\/why-choose-us\/","title":{"rendered":"Pourquoi nous choisir"},"content":{"rendered":"<div class=\"wp-block-uagb-container uagb-block-80a45300 alignfull uagb-is-root-container\"><div class=\"uagb-container-inner-blocks-wrap\">\n<div class=\"wp-block-uagb-advanced-heading uagb-block-c058df85\"><p class=\"uagb-desc-text\"><br>Suisse: La nouvelle fronti\u00e8re des Trustees<\/p><h1 class=\"uagb-heading-text\">Pourquoi choisir Swiss Capital Guard &amp; Trustees ?<\/h1><\/div>\n\n\n\n<div class=\"wp-block-group is-layout-constrained wp-container-core-group-is-layout-f36bc466 wp-block-group-is-layout-constrained\">\n<p class=\"has-ast-global-color-1-color has-text-color has-link-color wp-elements-97c541c1116a773b575ac063286d30a4\">Confier votre patrimoine \u00e0 Swiss Capital Trustee &amp; Trustees, c'est b\u00e9n\u00e9ficier des normes les plus \u00e9lev\u00e9es en mati\u00e8re de pr\u00e9cision, de s\u00e9curit\u00e9 et de discr\u00e9tion. En tant que trustee agr\u00e9\u00e9 par la FINMA, nous op\u00e9rons dans le cadre r\u00e9glementaire strict de la Suisse, garantissant une protection patrimoniale solide et une fiabilit\u00e9 in\u00e9branlable. Comptez sur notre expertise pour prot\u00e9ger, pr\u00e9server et faire fructifier votre h\u00e9ritage \u00e0 travers les g\u00e9n\u00e9rations.<\/p>\n<\/div>\n<\/div><\/div>\n\n\n\n<div data-aos= \"fade-up\" data-aos-duration=\"400\" data-aos-delay=\"0\" data-aos-easing=\"ease\" data-aos-once=\"true\" class=\"wp-block-uagb-container uagb-layout-flex uagb-block-ca06ae72 alignfull uagb-is-root-container\"><div class=\"uagb-container-inner-blocks-wrap\">\n<div class=\"wp-block-uagb-info-box uagb-block-6b6433c6 uagb-infobox__content-wrap  uagb-infobox-icon-above-title uagb-infobox-image-valign-top\"><div class=\"uagb-ifb-content\"><div class=\"uagb-ifb-title-wrap\"><h4 class=\"uagb-ifb-title\">Professionnalisme et gouvernance renforc\u00e9e<\/h4><\/div><p class=\"uagb-ifb-desc translation-block\">En tant que trustee agr\u00e9\u00e9 par la FINMA, <strong>Swiss Capital Guard &amp; Trustees<\/strong> doit se conformer \u00e0 <strong>des normes strictes en mati\u00e8re d'organisation, de gestion des risques et de conformit\u00e9<\/strong>, avec des contr\u00f4les p\u00e9riodiques et des audits ind\u00e9pendants.<br>\nCe cadre r\u00e9glementaire rigoureux prot\u00e8ge contre les conflits d\u2019int\u00e9r\u00eats potentiels, garantissant une gestion fiduciaire s\u00e9curis\u00e9e et fiable.<\/p><\/div><\/div>\n\n\n\n<div class=\"wp-block-uagb-info-box uagb-block-2a72fd81 uagb-infobox__content-wrap  uagb-infobox-icon-above-title uagb-infobox-image-valign-top\"><div class=\"uagb-ifb-content\"><div class=\"uagb-ifb-title-wrap\"><h4 class=\"uagb-ifb-title\">S\u00e9curit\u00e9 et fiabilit\u00e9<\/h4><\/div><p class=\"uagb-ifb-desc translation-block\">Gr\u00e2ce \u00e0 la solide infrastructure financi\u00e8re de la Suisse, Swiss Capital Guard &amp; Trustees offre une <strong>protection in\u00e9gal\u00e9e<\/strong> des <strong>actifs, des donn\u00e9es et des investissements \u00e0 long terme<\/strong>.<\/p><\/div><\/div>\n\n\n\n<div class=\"wp-block-uagb-info-box uagb-block-1dd8387e uagb-infobox__content-wrap  uagb-infobox-icon-above-title uagb-infobox-image-valign-top\"><div class=\"uagb-ifb-content\"><div class=\"uagb-ifb-title-wrap\"><h4 class=\"uagb-ifb-title\">Conformit\u00e9 internationale<\/h4><\/div><p class=\"uagb-ifb-desc translation-block\">Les trustees suisses op\u00e8rent dans le\u00a0plein respect des r\u00e9glementations internationales, garantissant:<br>\u2013 <strong>Une conformit\u00e9 totale<\/strong> aux exigences fiscales internationales.<br>\u2013 <strong>Des structures patrimoniales optimis\u00e9es<\/strong> pour minimiser les risques juridiques et prot\u00e9ger les actifs sur le long terme.<\/p><\/div><\/div>\n<\/div><\/div>\n\n\n\n<div class=\"wp-block-uagb-container uagb-block-e7f18e9f alignfull uagb-is-root-container\"><div class=\"uagb-container-inner-blocks-wrap\">\n<div class=\"wp-block-uagb-container uagb-block-9f59cdfd\">\n<div class=\"wp-block-uagb-info-box uagb-block-01da6c10 uagb-infobox__content-wrap  uagb-infobox-icon-above-title uagb-infobox-image-valign-top\"><div class=\"uagb-ifb-content\"><div class=\"uagb-ifb-title-wrap\"><h2 class=\"uagb-ifb-title\">R\u00e9glementation et supervision FINMA<\/h2><\/div><p class=\"uagb-ifb-desc\"><br>La Suisse est l\u2019une des rares juridictions au monde o\u00f9\u00a0&nbsp; <strong>trustees doivent \u00eatre agr\u00e9\u00e9s et soumis \u00e0 la surveillance de la FINMA\u00a0<\/strong> (Autorit\u00e9 f\u00e9d\u00e9rale de surveillance des march\u00e9s financiers), conform\u00e9ment \u00e0 la\u00a0 <strong>Loi sur les \u00e9tablissements financiers (LEFin)<\/strong>. Cette r\u00e9glementation garantit&nbsp;<strong>transparence, s\u00e9curit\u00e9 et fiabilit\u00e9<\/strong>, en imposant des exigences strictes:<\/p><div class=\"uagb-ifb-separator\"><\/div><\/div><\/div>\n\n\n\n<ul class=\"wp-block-list\">\n<li><strong>Dirigeants qualifi\u00e9s<\/strong>&nbsp;avec formation continue et exp\u00e9rience confirm\u00e9e.<\/li>\n\n\n\n<li><strong>Capital minimum<\/strong>&nbsp;ad\u00e9quat pour assurer la solidit\u00e9 financi\u00e8re.<\/li>\n\n\n\n<li><strong>Gestion des risques structur\u00e9e<\/strong>, avec&nbsp;<strong>risk manager et syst\u00e8me de contr\u00f4le interne<\/strong>.<\/li>\n\n\n\n<li><strong>Supervision continue<\/strong>, avec audits ind\u00e9pendants et obligations de reporting.<\/li>\n<\/ul>\n\n\n\n<p class=\"translation-block\">Faire confiance \u00e0 un\u00a0<strong>trustee r\u00e9glement\u00e9 en Suisse<\/strong>, c\u2019est choisir une gestion patrimoniale conforme aux\u00a0normes les <strong> plus \u00e9lev\u00e9es\u00a0\u00e0 l\u2019\u00e9chelle internationale<\/strong>.<\/p>\n<\/div>\n\n\n\n<div class=\"wp-block-uagb-container uagb-block-567da41c\">\n<div data-aos= \"fade-left\" data-aos-duration=\"400\" data-aos-delay=\"0\" data-aos-easing=\"ease\" data-aos-once=\"true\" class=\"wp-block-uagb-image uagb-block-ae49518d wp-block-uagb-image--layout-default wp-block-uagb-image--effect-static wp-block-uagb-image--align-none\"><figure class=\"wp-block-uagb-image__figure\"><img decoding=\"async\" srcset=\"\" sizes=\"auto, (max-width: 480px) 150px\" src=\"https:\/\/swiss-trustees.com\/wp-content\/uploads\/2021\/07\/hero-bg-1024x683.jpg\" alt=\"\" class=\"uag-image-29\" width=\"850\" height=\"616\" title=\"hero-bg\" loading=\"lazy\" role=\"img\" data-srcset=\"\"\/><\/figure><\/div>\n<\/div>\n<\/div><\/div>\n\n\n\n<div class=\"wp-block-uagb-container uagb-block-zglijjfz alignfull uagb-is-root-container\"><div class=\"uagb-container-inner-blocks-wrap\">\n<div class=\"wp-block-uagb-info-box uagb-block-skoq99ok uagb-infobox__content-wrap  uagb-infobox-icon-above-title uagb-infobox-image-valign-top\"><div class=\"uagb-ifb-content\"><div class=\"uagb-ifb-title-wrap\"><h2 class=\"uagb-ifb-title\">Les avantages de la place financi\u00e8re suisse<\/h2><\/div><p class=\"uagb-ifb-desc\">La Suisse est l\u2019une des destinations les plus s\u00fbres et fiables pour la protection<br> et la gestion de patrimoine gr\u00e2ce \u00e0:<\/p><\/div><\/div>\n\n\n\n<div class=\"wp-block-uagb-container uagb-block-3xyqoa3i alignfull uagb-is-root-container\"><div class=\"uagb-container-inner-blocks-wrap\">\n<div data-aos= \"fade-right\" data-aos-duration=\"400\" data-aos-delay=\"0\" data-aos-easing=\"ease\" data-aos-once=\"true\" class=\"wp-block-uagb-container uagb-block-tiwutm01\">\n<div class=\"wp-block-uagb-info-box uagb-block-mmliikvw uagb-infobox__content-wrap  uagb-infobox-icon-left-title uagb-infobox-left uagb-infobox-image-valign-middle\"><div class=\"uagb-ifb-content\"><div class=\"uagb-ifb-left-title-image\"><div class=\"uagb-ifb-icon-wrap\"><svg xmlns=\"https:\/\/www.w3.org\/2000\/svg\" viewbox=\"0 0 448 512\"><path d=\"M438.6 105.4C451.1 117.9 451.1 138.1 438.6 150.6L182.6 406.6C170.1 419.1 149.9 419.1 137.4 406.6L9.372 278.6C-3.124 266.1-3.124 245.9 9.372 233.4C21.87 220.9 42.13 220.9 54.63 233.4L159.1 338.7L393.4 105.4C405.9 92.88 426.1 92.88 438.6 105.4H438.6z\"><\/path><\/svg><\/div><div class=\"uagb-ifb-title-wrap\"><h4 class=\"uagb-ifb-title\">Stabilit\u00e9 politique et \u00e9conomique<\/h4><\/div><\/div><p class=\"uagb-ifb-desc\">L\u2019un des pays les plus solides au monde, id\u00e9al pour la protection des actifs \u00e0 long terme.<\/p><\/div><\/div>\n\n\n\n<div class=\"wp-block-uagb-info-box uagb-block-u6jbyfgz uagb-infobox__content-wrap  uagb-infobox-icon-left-title uagb-infobox-left uagb-infobox-image-valign-middle\"><div class=\"uagb-ifb-content\"><div class=\"uagb-ifb-left-title-image\"><div class=\"uagb-ifb-icon-wrap\"><svg xmlns=\"https:\/\/www.w3.org\/2000\/svg\" viewbox=\"0 0 448 512\"><path d=\"M438.6 105.4C451.1 117.9 451.1 138.1 438.6 150.6L182.6 406.6C170.1 419.1 149.9 419.1 137.4 406.6L9.372 278.6C-3.124 266.1-3.124 245.9 9.372 233.4C21.87 220.9 42.13 220.9 54.63 233.4L159.1 338.7L393.4 105.4C405.9 92.88 426.1 92.88 438.6 105.4H438.6z\"><\/path><\/svg><\/div><div class=\"uagb-ifb-title-wrap\"><h4 class=\"uagb-ifb-title\">S\u00e9curit\u00e9 du syst\u00e8me bancaire<\/h4><\/div><\/div><p class=\"uagb-ifb-desc\">Les banques suisses sont parmi les plus s\u00fbres et les plus stables, ce qui garantit une forte protection des actifs. Un compte bancaire peut durer des g\u00e9n\u00e9rations, gr\u00e2ce \u00e0 un syst\u00e8me qui offre des protections importantes concernant les comptes dormants et l'acc\u00e8s \u00e0 l'information. En outre, la Suisse garantit la confidentialit\u00e9 et la s\u00e9curit\u00e9 juridique.<\/p><\/div><\/div>\n<\/div>\n\n\n\n<div data-aos= \"fade-up\" data-aos-duration=\"400\" data-aos-delay=\"0\" data-aos-easing=\"ease\" data-aos-once=\"true\" class=\"wp-block-uagb-image aligncenter uagb-block-zqge49of wp-block-uagb-image--layout-default wp-block-uagb-image--effect-static wp-block-uagb-image--align-center\"><figure class=\"wp-block-uagb-image__figure\"><img decoding=\"async\" srcset=\"\" sizes=\"auto, (max-width: 480px) 150px\" src=\"https:\/\/swiss-trustees.com\/wp-content\/uploads\/2025\/02\/Swiss-capital_view-1024x683.jpg\" alt=\"\" class=\"uag-image-1199\" width=\"425\" height=\"460\" title=\"Swiss-capital_view\" loading=\"lazy\" role=\"img\" data-srcset=\"\"\/><\/figure><\/div>\n\n\n\n<div data-aos= \"fade-left\" data-aos-duration=\"400\" data-aos-delay=\"0\" data-aos-easing=\"ease\" data-aos-once=\"true\" class=\"wp-block-uagb-container uagb-block-h96fvcz9\">\n<div class=\"wp-block-uagb-info-box uagb-block-oth844dn uagb-infobox__content-wrap  uagb-infobox-icon-left-title uagb-infobox-left uagb-infobox-image-valign-middle\"><div class=\"uagb-ifb-content\"><div class=\"uagb-ifb-left-title-image\"><div class=\"uagb-ifb-icon-wrap\"><svg xmlns=\"https:\/\/www.w3.org\/2000\/svg\" viewbox=\"0 0 448 512\"><path d=\"M438.6 105.4C451.1 117.9 451.1 138.1 438.6 150.6L182.6 406.6C170.1 419.1 149.9 419.1 137.4 406.6L9.372 278.6C-3.124 266.1-3.124 245.9 9.372 233.4C21.87 220.9 42.13 220.9 54.63 233.4L159.1 338.7L393.4 105.4C405.9 92.88 426.1 92.88 438.6 105.4H438.6z\"><\/path><\/svg><\/div><div class=\"uagb-ifb-title-wrap\"><h4 class=\"uagb-ifb-title\">Protection des donn\u00e9es et de la vie priv\u00e9e<\/h4><\/div><\/div><p class=\"uagb-ifb-desc\">Normes avanc\u00e9es de cybers\u00e9curit\u00e9 pour garantir une confidentialit\u00e9 maximale.<\/p><\/div><\/div>\n\n\n\n<div class=\"wp-block-uagb-info-box uagb-block-podrjc4e uagb-infobox__content-wrap  uagb-infobox-icon-left-title uagb-infobox-left uagb-infobox-image-valign-middle\"><div class=\"uagb-ifb-content\"><div class=\"uagb-ifb-left-title-image\"><div class=\"uagb-ifb-icon-wrap\"><svg xmlns=\"https:\/\/www.w3.org\/2000\/svg\" viewbox=\"0 0 448 512\"><path d=\"M438.6 105.4C451.1 117.9 451.1 138.1 438.6 150.6L182.6 406.6C170.1 419.1 149.9 419.1 137.4 406.6L9.372 278.6C-3.124 266.1-3.124 245.9 9.372 233.4C21.87 220.9 42.13 220.9 54.63 233.4L159.1 338.7L393.4 105.4C405.9 92.88 426.1 92.88 438.6 105.4H438.6z\"><\/path><\/svg><\/div><div class=\"uagb-ifb-title-wrap\"><h4 class=\"uagb-ifb-title\">Protection des droits civils et s\u00e9curit\u00e9 juridique<\/h4><\/div><\/div><p class=\"uagb-ifb-desc translation-block\">Le syst\u00e8me judiciaire suisse est <strong>fiable et pr\u00e9visible, avec des d\u00e9cisions coh\u00e9rentes et protectrices<\/strong>.<\/p><\/div><\/div>\n\n\n\n<div class=\"wp-block-uagb-info-box uagb-block-xbtpdslq uagb-infobox__content-wrap  uagb-infobox-icon-left-title uagb-infobox-left uagb-infobox-image-valign-middle\"><div class=\"uagb-ifb-content\"><div class=\"uagb-ifb-left-title-image\"><div class=\"uagb-ifb-icon-wrap\"><svg xmlns=\"https:\/\/www.w3.org\/2000\/svg\" viewbox=\"0 0 448 512\"><path d=\"M438.6 105.4C451.1 117.9 451.1 138.1 438.6 150.6L182.6 406.6C170.1 419.1 149.9 419.1 137.4 406.6L9.372 278.6C-3.124 266.1-3.124 245.9 9.372 233.4C21.87 220.9 42.13 220.9 54.63 233.4L159.1 338.7L393.4 105.4C405.9 92.88 426.1 92.88 438.6 105.4H438.6z\"><\/path><\/svg><\/div><div class=\"uagb-ifb-title-wrap\"><h4 class=\"uagb-ifb-title\">S\u00e9curit\u00e9 sociale et juridique<\/h4><\/div><\/div><p class=\"uagb-ifb-desc translation-block\">La Suisse offre un cadre r\u00e9glementaire qui assure la <strong>continuit\u00e9 et la protection<\/strong> des structures patrimoniales et des actifs familiaux<\/p><\/div><\/div>\n<\/div>\n<\/div><\/div>\n<\/div><\/div>\n\n\n\n<div class=\"wp-block-uagb-container uagb-block-d0aad595 alignfull uagb-is-root-container\"><div class=\"uagb-container-inner-blocks-wrap\">\n<div class=\"wp-block-uagb-container uagb-block-358ac95a\">\n<div class=\"wp-block-uagb-info-box uagb-block-0dfd666b uagb-infobox__content-wrap  uagb-infobox-icon-above-title uagb-infobox-image-valign-top\"><div class=\"uagb-ifb-content\"><div class=\"uagb-ifb-title-wrap\"><\/div><div class=\"uagb-ifb-desc\">\n<p class=\"has-medium-font-size translation-block\">Faire confiance \u00e0 un\u00a0trustee suisse r\u00e9glement\u00e9, comme\u00a0<strong>Swiss Capital Guard Trustee<\/strong>, c'est choisir un partenaire disposant de\u00a0<strong>comp\u00e9tences certifi\u00e9es, des normes de s\u00e9curit\u00e9 \u00e9lev\u00e9es et d\u2019une protection patrimoniale de premier ordre<\/strong>.<\/p>\n<\/div><\/div><\/div>\n<\/div>\n<\/div><\/div>\n\n\n\n<div class=\"wp-block-uagb-container contact-bfooter uagb-block-7b4daec9 alignfull uagb-is-root-container\"><div class=\"uagb-container-inner-blocks-wrap\">\n<div class=\"wp-block-uagb-info-box uagb-block-b0ed65ac uagb-infobox__content-wrap  uagb-infobox-icon-above-title uagb-infobox-image-valign-top\"><div class=\"uagb-ifb-content\"><div class=\"uagb-ifb-title-wrap\"><\/div><p class=\"uagb-ifb-desc\"><strong>Contactez-nous<\/strong>&nbsp;pour d\u00e9couvrir comment prot\u00e9ger et g\u00e9rer votre patrimoine avec une fiabilit\u00e9 maximale.<\/p><\/div><\/div>\n\n\n\n<div class=\"wp-block-uagb-info-box uagb-block-6s2yeliq uagb-infobox__content-wrap  uagb-infobox-icon-above-title uagb-infobox-image-valign-top wp-block-uagb-info-box--has-margin\"><div class=\"uagb-infobox-margin-wrapper\"><div class=\"uagb-ifb-content\"><div class=\"uagb-ifb-title-wrap\"><p class=\"uagb-ifb-title-prefix\">CONTACTEZ-NOUS :<\/p><\/div><\/div><\/div><\/div>\n\n\n\n<div class=\"wp-block-uagb-icon-list uagb-block-3081bc73 mobile-responsive-column\"><div class=\"uagb-icon-list__wrap\">\n<div class=\"wp-block-uagb-icon-list-child uagb-block-22404b41\"><a target=\"_self\" aria-label=\"+41 216411280\" rel=\"noopener noreferrer\" href=\"tel:+41 216411280\"> <\/a><span class=\"uagb-icon-list__source-wrap\"><svg xmlns=\"https:\/\/www.w3.org\/2000\/svg\" viewbox=\"0 0 512 512\"><path d=\"M511.2 387l-23.25 100.8c-3.266 14.25-15.79 24.22-30.46 24.22C205.2 512 0 306.8 0 54.5c0-14.66 9.969-27.2 24.22-30.45l100.8-23.25C139.7-2.602 154.7 5.018 160.8 18.92l46.52 108.5c5.438 12.78 1.77 27.67-8.98 36.45L144.5 207.1c33.98 69.22 90.26 125.5 159.5 159.5l44.08-53.8c8.688-10.78 23.69-14.51 36.47-8.975l108.5 46.51C506.1 357.2 514.6 372.4 511.2 387z\"><\/path><\/svg><\/span><span class=\"uagb-icon-list__label\">+41 216411280<\/span><\/div>\n\n\n\n<div class=\"wp-block-uagb-icon-list-child uagb-block-90928a3f\"><a target=\"_self\" aria-label=\"info@swiss-trustees.com\" rel=\"noopener noreferrer\" href=\"mailto:info@swiss-trustees.com\"> <\/a><span class=\"uagb-icon-list__source-wrap\"><svg xmlns=\"https:\/\/www.w3.org\/2000\/svg\" viewbox=\"0 0 512 512\"><path d=\"M256 417.1c-16.38 0-32.88-4.1-46.88-15.12L0 250.9v213.1C0 490.5 21.5 512 48 512h416c26.5 0 48-21.5 48-47.1V250.9l-209.1 151.1C288.9 412 272.4 417.1 256 417.1zM493.6 163C484.8 156 476.4 149.5 464 140.1v-44.12c0-26.5-21.5-48-48-48l-77.5 .0016c-3.125-2.25-5.875-4.25-9.125-6.5C312.6 29.13 279.3-.3732 256 .0018C232.8-.3732 199.4 29.13 182.6 41.5c-3.25 2.25-6 4.25-9.125 6.5L96 48c-26.5 0-48 21.5-48 48v44.12C35.63 149.5 27.25 156 18.38 163C6.75 172 0 186 0 200.8v10.62l96 69.37V96h320v184.7l96-69.37V200.8C512 186 505.3 172 493.6 163zM176 255.1h160c8.836 0 16-7.164 16-15.1c0-8.838-7.164-16-16-16h-160c-8.836 0-16 7.162-16 16C160 248.8 167.2 255.1 176 255.1zM176 191.1h160c8.836 0 16-7.164 16-16c0-8.838-7.164-15.1-16-15.1h-160c-8.836 0-16 7.162-16 15.1C160 184.8 167.2 191.1 176 191.1z\"><\/path><\/svg><\/span><span class=\"uagb-icon-list__label\">info@swiss-trustees.com<\/span><\/div>\n<\/div><\/div>\n<\/div><\/div>\n\n\n\n<p><\/p>","protected":false},"excerpt":{"rendered":"<p>Switzerland: The new frontier of Trustees Why Choose Swiss Capital Guard &amp; Trustees? Entrusting your wealth to&nbsp;Swiss Capital Trustee &amp; Trustees means benefitting from the highest standards precision, security and discretion. As a FINMA-licensed trustee, we operate within Switzerland\u2019s rigorous regulatory framework, ensuring robust asset protection and unwavering reliability. Rely on our extensive expertise to [&hellip;]<\/p>","protected":false},"author":1,"featured_media":0,"parent":0,"menu_order":0,"comment_status":"closed","ping_status":"closed","template":"","meta":{"_uag_custom_page_level_css":"","site-sidebar-layout":"no-sidebar","site-content-layout":"","ast-site-content-layout":"full-width-container","site-content-style":"default","site-sidebar-style":"default","ast-global-header-display":"","ast-banner-title-visibility":"","ast-main-header-display":"","ast-hfb-above-header-display":"","ast-hfb-below-header-display":"","ast-hfb-mobile-header-display":"","site-post-title":"disabled","ast-breadcrumbs-content":"","ast-featured-img":"disabled","footer-sml-layout":"","theme-transparent-header-meta":"enabled","adv-header-id-meta":"","stick-header-meta":"","header-above-stick-meta":"","header-main-stick-meta":"","header-below-stick-meta":"","astra-migrate-meta-layouts":"set","ast-page-background-enabled":"default","ast-page-background-meta":{"desktop":{"background-color":"var(--ast-global-color-4)","background-image":"","background-repeat":"repeat","background-position":"center center","background-size":"auto","background-attachment":"scroll","background-type":"","background-media":"","overlay-type":"","overlay-color":"","overlay-opacity":"","overlay-gradient":""},"tablet":{"background-color":"","background-image":"","background-repeat":"repeat","background-position":"center center","background-size":"auto","background-attachment":"scroll","background-type":"","background-media":"","overlay-type":"","overlay-color":"","overlay-opacity":"","overlay-gradient":""},"mobile":{"background-color":"","background-image":"","background-repeat":"repeat","background-position":"center center","background-size":"auto","background-attachment":"scroll","background-type":"","background-media":"","overlay-type":"","overlay-color":"","overlay-opacity":"","overlay-gradient":""}},"ast-content-background-meta":{"desktop":{"background-color":"var(--ast-global-color-5)","background-image":"","background-repeat":"repeat","background-position":"center center","background-size":"auto","background-attachment":"scroll","background-type":"","background-media":"","overlay-type":"","overlay-color":"","overlay-opacity":"","overlay-gradient":""},"tablet":{"background-color":"var(--ast-global-color-5)","background-image":"","background-repeat":"repeat","background-position":"center center","background-size":"auto","background-attachment":"scroll","background-type":"","background-media":"","overlay-type":"","overlay-color":"","overlay-opacity":"","overlay-gradient":""},"mobile":{"background-color":"var(--ast-global-color-5)","background-image":"","background-repeat":"repeat","background-position":"center center","background-size":"auto","background-attachment":"scroll","background-type":"","background-media":"","overlay-type":"","overlay-color":"","overlay-opacity":"","overlay-gradient":""}},"footnotes":""},"class_list":["post-1109","page","type-page","status-publish","hentry"],"uagb_featured_image_src":{"full":false,"thumbnail":false,"medium":false,"medium_large":false,"large":false,"1536x1536":false,"2048x2048":false,"trp-custom-language-flag":false},"uagb_author_info":{"display_name":"nextadmin","author_link":"https:\/\/swiss-trustees.com\/fr\/author\/nextadmin\/"},"uagb_comment_info":0,"uagb_excerpt":"Switzerland: The new frontier of Trustees Why Choose Swiss Capital Guard &amp; Trustees? Entrusting your wealth to&nbsp;Swiss Capital Trustee &amp; Trustees means benefitting from the highest standards precision, security and discretion. As a FINMA-licensed trustee, we operate within Switzerland\u2019s rigorous regulatory framework, ensuring robust asset protection and unwavering reliability. Rely on our extensive expertise to\u2026","_links":{"self":[{"href":"https:\/\/swiss-trustees.com\/fr\/wp-json\/wp\/v2\/pages\/1109","targetHints":{"allow":["GET"]}}],"collection":[{"href":"https:\/\/swiss-trustees.com\/fr\/wp-json\/wp\/v2\/pages"}],"about":[{"href":"https:\/\/swiss-trustees.com\/fr\/wp-json\/wp\/v2\/types\/page"}],"author":[{"embeddable":true,"href":"https:\/\/swiss-trustees.com\/fr\/wp-json\/wp\/v2\/users\/1"}],"replies":[{"embeddable":true,"href":"https:\/\/swiss-trustees.com\/fr\/wp-json\/wp\/v2\/comments?post=1109"}],"version-history":[{"count":3,"href":"https:\/\/swiss-trustees.com\/fr\/wp-json\/wp\/v2\/pages\/1109\/revisions"}],"predecessor-version":[{"id":1413,"href":"https:\/\/swiss-trustees.com\/fr\/wp-json\/wp\/v2\/pages\/1109\/revisions\/1413"}],"wp:attachment":[{"href":"https:\/\/swiss-trustees.com\/fr\/wp-json\/wp\/v2\/media?parent=1109"}],"curies":[{"name":"wp","href":"https:\/\/api.w.org\/{rel}","templated":true}]}}