{"id":1104,"date":"2025-01-23T10:05:17","date_gmt":"2025-01-23T09:05:17","guid":{"rendered":"http:\/\/swisscapital.nextindustry.com\/?page_id=1104"},"modified":"2025-02-20T16:31:27","modified_gmt":"2025-02-20T16:31:27","slug":"trust-essentials","status":"publish","type":"page","link":"https:\/\/swiss-trustees.com\/it\/trust-essentials\/","title":{"rendered":"Fondamenti del Trust"},"content":{"rendered":"<div class=\"wp-block-uagb-container uagb-block-ocmptiou alignfull uagb-is-root-container\"><div class=\"uagb-container-inner-blocks-wrap\">\n<div class=\"wp-block-uagb-info-box uagb-block-mcv6eoap uagb-infobox__content-wrap  uagb-infobox-icon-above-title uagb-infobox-image-valign-top\"><div class=\"uagb-ifb-content\"><div class=\"uagb-ifb-title-wrap\"><h2 class=\"uagb-ifb-title\">Come funziona il trust?<\/h2><\/div><p class=\"uagb-ifb-desc\">Il trust \u00e8 un accordo fiduciario che consente a un disponente (settlor) di trasferire la propriet\u00e0 di determinati beni a un trustee, incaricato di gestirli e amministrarli a beneficio di uno o pi\u00f9 beneficiari designati dal settlor, secondo le regole stabilite nell\u2019atto istitutivo del trust.<\/p><\/div><\/div>\n\n\n\n<div class=\"wp-block-uagb-container uagb-block-4hnp9vr5\">\n<div data-aos= \"fade-up\" data-aos-duration=\"400\" data-aos-delay=\"0\" data-aos-easing=\"ease\" data-aos-once=\"true\" class=\"wp-block-uagb-container uagb-block-p19aztvp\">\n<div class=\"wp-block-uagb-container uagb-block-ctmmcfpl\">\n<div class=\"wp-block-uagb-advanced-heading uagb-block-xw6m5kn2\"><h3 class=\"uagb-heading-text\">1. Le parti coinvolte<\/h3><\/div>\n<\/div>\n\n\n\n<div class=\"wp-block-uagb-container uagb-block-ofaznuyz\">\n<div class=\"wp-block-uagb-advanced-heading uagb-block-uxgm55se\"><p class=\"uagb-heading-text\">Un trust coinvolge quattro figure principali:<br><br><strong>Disponente (Settlor):\u00a0\u00a0<\/strong>La persona o entit\u00e0 che istituisce il trust, trasferendo i beni e stabilendo le regole di gestione e distribuzione.<br><strong>Trustee:\u00a0<\/strong>La persona o entit\u00e0 che istituisce il trust, trasferendo i beni e stabilendo le regole di gestione e distribuzione.<br><strong>Beneficiari:\u00a0\u00a0<\/strong>Le persone o entit\u00e0 che ricevono i benefici del trust (beni, redditi o vantaggi specifici).<br><strong>Guardiano o Protector (opzionale):<\/strong>\u00a0Una figura nominata per supervisionare il trustee e garantire che il trust sia gestito in linea con le volont\u00e0 del disponente.<\/p><\/div>\n<\/div>\n<\/div>\n\n\n\n<div data-aos= \"fade-up\" data-aos-duration=\"400\" data-aos-delay=\"0\" data-aos-easing=\"ease\" data-aos-once=\"true\" class=\"wp-block-uagb-container uagb-block-obd8gmzj\">\n<div class=\"wp-block-uagb-container uagb-block-9chkmzjs\">\n<div class=\"wp-block-uagb-advanced-heading uagb-block-hnrstyv2\"><h3 class=\"uagb-heading-text\">2. Come viene istituito?<\/h3><\/div>\n<\/div>\n\n\n\n<div class=\"wp-block-uagb-container uagb-block-3uehnzjg\">\n<div class=\"wp-block-uagb-advanced-heading uagb-block-t8tuikak\"><p class=\"uagb-heading-text\">L\u2019istituzione di un trust avviene in quattro fasi fondamentali:<br><br><strong>Definizione degli obiettivi:&nbsp;<\/strong>Il disponente stabilisce gli scopi del trust, come protezione patrimoniale, pianificazione successoria, filantropia o gestione di beni complessi.<br><strong>Creazione dell\u2019atto istitutivo:&nbsp;<\/strong>I documenti legali che definiscono le regole del trust, i diritti e i doveri delle parti coinvolte.<br><strong>Trasferimento dei beni:&nbsp;<\/strong>Il disponente trasferisce i beni al trustee, rendendoli parte del trust.<br><strong>Amministrazione:&nbsp;<\/strong>Il trustee gestisce i beni, nell'interesse dei beneficiari, secondo le regole stabilite e in conformit\u00e0 con le leggi applicabili.<\/p><\/div>\n<\/div>\n<\/div>\n\n\n\n<div data-aos= \"fade-up\" data-aos-duration=\"400\" data-aos-delay=\"0\" data-aos-easing=\"ease\" data-aos-once=\"true\" class=\"wp-block-uagb-container uagb-block-38291f33\">\n<div class=\"wp-block-uagb-container uagb-block-de09c6b1\">\n<div class=\"wp-block-uagb-advanced-heading uagb-block-ba8fe6d6\"><h3 class=\"uagb-heading-text\">3. Come opera un trust?<\/h3><\/div>\n<\/div>\n\n\n\n<div class=\"wp-block-uagb-container uagb-block-f1096a37\">\n<div class=\"wp-block-uagb-advanced-heading uagb-block-32e247a7\"><p class=\"uagb-heading-text\">Il funzionamento del trust si basa su tre pilastri:<br><strong>A. Segregazione dei beni:<\/strong><br>I beni trasferiti nel trust sono separati dal patrimonio personale del disponente e del trustee. Questo garantisce protezione da creditori e controversie legali.<br><strong>B. Amministrazione dei beni:<\/strong><br>Il trustee amministra i beni del trust, che possono includere investimenti, immobili, opere d\u2019arte e altre attivit\u00e0. Le decisioni vengono prese in base ai termini dell\u2019atto istitutivo.<br><strong>C. Distribuzione ai beneficiari:<\/strong><br><strong>Designazione dei beneficiari:<\/strong>&nbsp;I beneficiari sono nominati dal disponente nell\u2019atto istitutivo, che specifica chi ricever\u00e0 i beni o i redditi e in che modo.<br><strong>Diritto dei beneficiari:<\/strong>&nbsp;I beneficiari possono avere diritti fissi (es. redditi regolari) o dipendere dalla discrezione del trustee (trust discrezionali).<br><strong>Modalit\u00e0 di distribuzione:&nbsp;<\/strong>Il trustee trasferisce beni o redditi ai beneficiari seguendo le regole del trust. Questo processo pu\u00f2 includere trasferimenti diretti di propriet\u00e0 o pagamenti periodici.<\/p><\/div>\n<\/div>\n<\/div>\n\n\n\n<div data-aos= \"fade-up\" data-aos-duration=\"400\" data-aos-delay=\"0\" data-aos-easing=\"ease\" data-aos-once=\"true\" class=\"wp-block-uagb-container uagb-block-d797533e\">\n<div class=\"wp-block-uagb-container uagb-block-c26cc1f1\">\n<div class=\"wp-block-uagb-advanced-heading uagb-block-d64965f4\"><h3 class=\"uagb-heading-text\">4. Vantaggi di un trust<\/h3><\/div>\n<\/div>\n\n\n\n<div class=\"wp-block-uagb-container uagb-block-2c4e318f\">\n<div class=\"wp-block-uagb-advanced-heading uagb-block-7869c838\"><p class=\"uagb-heading-text\"><strong>Protezione patrimoniale:&nbsp;<\/strong>I beni del trust sono al sicuro da rischi legali e finanziari.<br><strong>Pianificazione successoria:&nbsp;<\/strong>Un trust garantisce una transizione ordinata del patrimonio tra generazioni, rispettando le volont\u00e0 del disponente.<br><strong>Flessibilit\u00e0:<\/strong>&nbsp;La struttura del trust pu\u00f2 essere personalizzata per soddisfare esigenze uniche, come tutela di persone vulnerabili o gestione di beni internazionali.<br><strong>Riservatezza:<\/strong>&nbsp;Il trust protegge la privacy del disponente e dei beneficiari, mantenendo riservate le informazioni patrimoniali.<br><strong>Efficienza fiscale:&nbsp;<\/strong>Un trust ben strutturato pu\u00f2 offrire vantaggi fiscali significativi, ottimizzando i costi di successione e gestione patrimoniale.<\/p><\/div>\n<\/div>\n<\/div>\n<\/div>\n<\/div><\/div>\n\n\n\n<div class=\"wp-block-uagb-container uagb-block-uzxkyjt4 alignfull uagb-is-root-container\"><div class=\"uagb-container-inner-blocks-wrap\">\n<div class=\"wp-block-uagb-info-box uagb-block-uv6rcxlp uagb-infobox__content-wrap  uagb-infobox-icon-above-title uagb-infobox-image-valign-top\"><div class=\"uagb-ifb-content\"><div class=\"uagb-ifb-title-wrap\"><\/div><div class=\"uagb-ifb-desc\">\n<p class=\"has-medium-font-size translation-block\">Affidarsi a un trustee professionale e regolamentato, come\u00a0<strong>Swiss Capital Guard Trustee<\/strong>, assicura una gestione esperta e conforme alle normative, offrendo tranquillit\u00e0 e sicurezza nella protezione del patrimonio.<\/p>\n<\/div><\/div><\/div>\n<\/div><\/div>\n\n\n\n<div class=\"wp-block-uagb-container uagb-block-uvhfwxkr alignfull uagb-is-root-container\"><div class=\"uagb-container-inner-blocks-wrap\">\n<div class=\"wp-block-uagb-info-box uagb-block-hppzegli uagb-infobox__content-wrap  uagb-infobox-icon-above-title uagb-infobox-image-valign-top\"><div class=\"uagb-ifb-content\"><div class=\"uagb-ifb-title-wrap\"><h2 class=\"uagb-ifb-title\">Per chi \u00e8 adatto un trust?<\/h2><\/div><\/div><\/div>\n\n\n\n<div class=\"wp-block-uagb-info-box uagb-block-fwnbvio1 uagb-infobox__content-wrap  uagb-infobox-icon-above-title uagb-infobox-image-valign-top\"><div class=\"uagb-ifb-content\"><div class=\"uagb-ifb-title-wrap\"><h3 class=\"uagb-ifb-title-prefix\">Un trust \u00e8 una soluzione flessibile e personalizzabile, ideale per una vasta gamma di esigenze patrimoniali e familiari. Ecco i principali profili per cui un trust rappresenta uno strumento adatto:<\/h3><\/div><\/div><\/div>\n\n\n\n<div class=\"wp-block-uagb-container uagb-block-augwxxus\">\n<div class=\"wp-block-uagb-container uagb-block-vhcitlpy\">\n<div data-aos= \"fade-up\" data-aos-duration=\"400\" data-aos-delay=\"0\" data-aos-easing=\"ease\" data-aos-once=\"true\" class=\"wp-block-uagb-info-box uagb-block-nsfocd0u uagb-infobox__content-wrap  uagb-infobox-icon-left uagb-infobox-left uagb-infobox-stacked-tablet uagb-infobox-image-valign-top wp-block-uagb-info-box--has-margin\"><div class=\"uagb-infobox-margin-wrapper\"><div class=\"uagb-ifb-icon-wrap\"><svg xmlns=\"https:\/\/www.w3.org\/2000\/svg\" viewbox=\"0 0 448 512\"><path d=\"M438.6 105.4C451.1 117.9 451.1 138.1 438.6 150.6L182.6 406.6C170.1 419.1 149.9 419.1 137.4 406.6L9.372 278.6C-3.124 266.1-3.124 245.9 9.372 233.4C21.87 220.9 42.13 220.9 54.63 233.4L159.1 338.7L393.4 105.4C405.9 92.88 426.1 92.88 438.6 105.4H438.6z\"><\/path><\/svg><\/div><div class=\"uagb-ifb-content\"><div class=\"uagb-ifb-title-wrap\"><h4 class=\"uagb-ifb-title\">Famiglie con patrimoni significativi<\/h4><\/div><p class=\"uagb-ifb-desc\">Famiglie con beni complessi o distribuiti in pi\u00f9 giurisdizioni.<br>Esigenze di pianificazione successoria per garantire la continuit\u00e0 e la protezione del patrimonio generazionale.<br>Situazioni in cui \u00e8 necessario preservare e trasmettere ricchezze evitando conflitti tra gli eredi.<\/p><\/div><\/div><\/div>\n\n\n\n<div data-aos= \"fade-up\" data-aos-duration=\"400\" data-aos-delay=\"0\" data-aos-easing=\"ease\" data-aos-once=\"true\" class=\"wp-block-uagb-info-box uagb-block-8fqubtmx uagb-infobox__content-wrap  uagb-infobox-icon-left uagb-infobox-left uagb-infobox-stacked-tablet uagb-infobox-image-valign-top wp-block-uagb-info-box--has-margin\"><div class=\"uagb-infobox-margin-wrapper\"><div class=\"uagb-ifb-icon-wrap\"><svg xmlns=\"https:\/\/www.w3.org\/2000\/svg\" viewbox=\"0 0 448 512\"><path d=\"M438.6 105.4C451.1 117.9 451.1 138.1 438.6 150.6L182.6 406.6C170.1 419.1 149.9 419.1 137.4 406.6L9.372 278.6C-3.124 266.1-3.124 245.9 9.372 233.4C21.87 220.9 42.13 220.9 54.63 233.4L159.1 338.7L393.4 105.4C405.9 92.88 426.1 92.88 438.6 105.4H438.6z\"><\/path><\/svg><\/div><div class=\"uagb-ifb-content\"><div class=\"uagb-ifb-title-wrap\"><h4 class=\"uagb-ifb-title\">Imprenditori e aziende familiari<\/h4><\/div><p class=\"uagb-ifb-desc\">Imprenditori che desiderano garantire la continuit\u00e0 dell'azienda familiare, proteggendola da rischi legali o economici.<br>Strutturazione di partecipazioni aziendali per semplificare la governance e garantire stabilit\u00e0 in caso di successione.<br>Gestione della liquidit\u00e0 o del capitale derivante dalla vendita di un\u2019azienda.<\/p><\/div><\/div><\/div>\n\n\n\n<div data-aos= \"fade-up\" data-aos-duration=\"400\" data-aos-delay=\"0\" data-aos-easing=\"ease\" data-aos-once=\"true\" class=\"wp-block-uagb-info-box uagb-block-hpz0gifb uagb-infobox__content-wrap  uagb-infobox-icon-left uagb-infobox-left uagb-infobox-stacked-tablet uagb-infobox-image-valign-top wp-block-uagb-info-box--has-margin\"><div class=\"uagb-infobox-margin-wrapper\"><div class=\"uagb-ifb-icon-wrap\"><svg xmlns=\"https:\/\/www.w3.org\/2000\/svg\" viewbox=\"0 0 448 512\"><path d=\"M438.6 105.4C451.1 117.9 451.1 138.1 438.6 150.6L182.6 406.6C170.1 419.1 149.9 419.1 137.4 406.6L9.372 278.6C-3.124 266.1-3.124 245.9 9.372 233.4C21.87 220.9 42.13 220.9 54.63 233.4L159.1 338.7L393.4 105.4C405.9 92.88 426.1 92.88 438.6 105.4H438.6z\"><\/path><\/svg><\/div><div class=\"uagb-ifb-content\"><div class=\"uagb-ifb-title-wrap\"><h4 class=\"uagb-ifb-title\">Individui con esigenze specifiche<\/h4><\/div><p class=\"uagb-ifb-desc\">Persone che desiderano tutelare familiari vulnerabili, come figli minori, persone anziane o con disabilit\u00e0.<br>Individui con necessit\u00e0 di protezione contro richieste di terzi, come creditori o dispute matrimoniali.<\/p><\/div><\/div><\/div>\n\n\n\n<div data-aos= \"fade-up\" data-aos-duration=\"400\" data-aos-delay=\"0\" data-aos-easing=\"ease\" data-aos-once=\"true\" class=\"wp-block-uagb-info-box uagb-block-c352f597 uagb-infobox__content-wrap  uagb-infobox-icon-left uagb-infobox-left uagb-infobox-stacked-tablet uagb-infobox-image-valign-top wp-block-uagb-info-box--has-margin\"><div class=\"uagb-infobox-margin-wrapper\"><div class=\"uagb-ifb-icon-wrap\"><svg xmlns=\"https:\/\/www.w3.org\/2000\/svg\" viewbox=\"0 0 448 512\"><path d=\"M438.6 105.4C451.1 117.9 451.1 138.1 438.6 150.6L182.6 406.6C170.1 419.1 149.9 419.1 137.4 406.6L9.372 278.6C-3.124 266.1-3.124 245.9 9.372 233.4C21.87 220.9 42.13 220.9 54.63 233.4L159.1 338.7L393.4 105.4C405.9 92.88 426.1 92.88 438.6 105.4H438.6z\"><\/path><\/svg><\/div><div class=\"uagb-ifb-content\"><div class=\"uagb-ifb-title-wrap\"><h4 class=\"uagb-ifb-title\">Clienti con obiettivi filantropici<\/h4><\/div><p class=\"uagb-ifb-desc\">Famiglie e individui che desiderano creare trust o fondazioni per sostenere progetti di beneficenza o iniziative filantropiche di lungo termine.<br>Soluzioni strutturate per garantire che le donazioni siano gestite in modo efficace e coerente con gli obiettivi del disponente.<\/p><\/div><\/div><\/div>\n\n\n\n<div data-aos= \"fade-up\" data-aos-duration=\"400\" data-aos-delay=\"0\" data-aos-easing=\"ease\" data-aos-once=\"true\" class=\"wp-block-uagb-info-box uagb-block-b4c026aa uagb-infobox__content-wrap  uagb-infobox-icon-left uagb-infobox-left uagb-infobox-stacked-tablet uagb-infobox-image-valign-top wp-block-uagb-info-box--has-margin\"><div class=\"uagb-infobox-margin-wrapper\"><div class=\"uagb-ifb-icon-wrap\"><svg xmlns=\"https:\/\/www.w3.org\/2000\/svg\" viewbox=\"0 0 448 512\"><path d=\"M438.6 105.4C451.1 117.9 451.1 138.1 438.6 150.6L182.6 406.6C170.1 419.1 149.9 419.1 137.4 406.6L9.372 278.6C-3.124 266.1-3.124 245.9 9.372 233.4C21.87 220.9 42.13 220.9 54.63 233.4L159.1 338.7L393.4 105.4C405.9 92.88 426.1 92.88 438.6 105.4H438.6z\"><\/path><\/svg><\/div><div class=\"uagb-ifb-content\"><div class=\"uagb-ifb-title-wrap\"><h4 class=\"uagb-ifb-title\">Clienti internazionali<\/h4><\/div><p class=\"uagb-ifb-desc\">Individui con beni e beneficiari distribuiti in pi\u00f9 paesi, che necessitano di una gestione patrimoniale conforme alle normative internazionali.<br>Situazioni che richiedono riservatezza e protezione del patrimonio in pi\u00f9 giurisdizioni.<\/p><\/div><\/div><\/div>\n\n\n\n<div data-aos= \"fade-up\" data-aos-duration=\"400\" data-aos-delay=\"0\" data-aos-easing=\"ease\" data-aos-once=\"true\" class=\"wp-block-uagb-info-box uagb-block-2a860475 uagb-infobox__content-wrap  uagb-infobox-icon-left uagb-infobox-left uagb-infobox-stacked-tablet uagb-infobox-image-valign-top wp-block-uagb-info-box--has-margin\"><div class=\"uagb-infobox-margin-wrapper\"><div class=\"uagb-ifb-icon-wrap\"><svg xmlns=\"https:\/\/www.w3.org\/2000\/svg\" viewbox=\"0 0 448 512\"><path d=\"M438.6 105.4C451.1 117.9 451.1 138.1 438.6 150.6L182.6 406.6C170.1 419.1 149.9 419.1 137.4 406.6L9.372 278.6C-3.124 266.1-3.124 245.9 9.372 233.4C21.87 220.9 42.13 220.9 54.63 233.4L159.1 338.7L393.4 105.4C405.9 92.88 426.1 92.88 438.6 105.4H438.6z\"><\/path><\/svg><\/div><div class=\"uagb-ifb-content\"><div class=\"uagb-ifb-title-wrap\"><h4 class=\"uagb-ifb-title\">Investitori e collezionisti<\/h4><\/div><p class=\"uagb-ifb-desc\">Proprietari di beni di lusso come opere d\u2019arte, yacht, propriet\u00e0 immobiliari e gioielli, che necessitano di una gestione dedicata e di soluzioni per preservare e valorizzare questi asset.<\/p><\/div><\/div><\/div>\n\n\n\n<div data-aos= \"fade-up\" data-aos-duration=\"400\" data-aos-delay=\"0\" data-aos-easing=\"ease\" data-aos-once=\"true\" class=\"wp-block-uagb-info-box uagb-block-a72f03e8 uagb-infobox__content-wrap  uagb-infobox-icon-left uagb-infobox-left uagb-infobox-stacked-tablet uagb-infobox-image-valign-top wp-block-uagb-info-box--has-margin\"><div class=\"uagb-infobox-margin-wrapper\"><div class=\"uagb-ifb-icon-wrap\"><svg xmlns=\"https:\/\/www.w3.org\/2000\/svg\" viewbox=\"0 0 448 512\"><path d=\"M438.6 105.4C451.1 117.9 451.1 138.1 438.6 150.6L182.6 406.6C170.1 419.1 149.9 419.1 137.4 406.6L9.372 278.6C-3.124 266.1-3.124 245.9 9.372 233.4C21.87 220.9 42.13 220.9 54.63 233.4L159.1 338.7L393.4 105.4C405.9 92.88 426.1 92.88 438.6 105.4H438.6z\"><\/path><\/svg><\/div><div class=\"uagb-ifb-content\"><div class=\"uagb-ifb-title-wrap\"><h4 class=\"uagb-ifb-title\">Influencer, artisti e professionisti dell\u2019intrattenimento<\/h4><\/div><p class=\"uagb-ifb-desc\">Gestione e protezione dei guadagni derivanti da sponsorizzazioni, diritti d'autore, merchandising e altre attivit\u00e0 creative.<br>Strutturazione del patrimonio per ottimizzare la fiscalit\u00e0 e pianificare a lungo termine.<br>Protezione del patrimonio da rischi legali, contrattuali o reputazionali.<br>Pianificazione per garantire una gestione continuativa e strutturata del brand personale o delle attivit\u00e0 artistiche in caso di imprevisti.<\/p><\/div><\/div><\/div>\n<\/div>\n\n\n\n<div class=\"wp-block-uagb-container uagb-block-7be499fc\"><\/div>\n<\/div>\n<\/div><\/div>","protected":false},"excerpt":{"rendered":"<p>1. The parties involved A trust involves four main parties: Settlor:\u00a0The person or entity who establishes the trust, transfers the assets, and defines the rules for management and distribution.Trustee:\u00a0The entity or individual responsible for managing the assets, with the duty to act exclusively in the interests of the beneficiaries and in accordance with the terms [&hellip;]<\/p>","protected":false},"author":1,"featured_media":0,"parent":0,"menu_order":0,"comment_status":"closed","ping_status":"closed","template":"","meta":{"_uag_custom_page_level_css":"","site-sidebar-layout":"no-sidebar","site-content-layout":"","ast-site-content-layout":"normal-width-container","site-content-style":"default","site-sidebar-style":"default","ast-global-header-display":"","ast-banner-title-visibility":"","ast-main-header-display":"","ast-hfb-above-header-display":"","ast-hfb-below-header-display":"","ast-hfb-mobile-header-display":"","site-post-title":"disabled","ast-breadcrumbs-content":"","ast-featured-img":"","footer-sml-layout":"","theme-transparent-header-meta":"","adv-header-id-meta":"","stick-header-meta":"","header-above-stick-meta":"","header-main-stick-meta":"","header-below-stick-meta":"","astra-migrate-meta-layouts":"set","ast-page-background-enabled":"default","ast-page-background-meta":{"desktop":{"background-color":"var(--ast-global-color-4)","background-image":"","background-repeat":"repeat","background-position":"center center","background-size":"auto","background-attachment":"scroll","background-type":"","background-media":"","overlay-type":"","overlay-color":"","overlay-opacity":"","overlay-gradient":""},"tablet":{"background-color":"","background-image":"","background-repeat":"repeat","background-position":"center center","background-size":"auto","background-attachment":"scroll","background-type":"","background-media":"","overlay-type":"","overlay-color":"","overlay-opacity":"","overlay-gradient":""},"mobile":{"background-color":"","background-image":"","background-repeat":"repeat","background-position":"center center","background-size":"auto","background-attachment":"scroll","background-type":"","background-media":"","overlay-type":"","overlay-color":"","overlay-opacity":"","overlay-gradient":""}},"ast-content-background-meta":{"desktop":{"background-color":"var(--ast-global-color-5)","background-image":"","background-repeat":"repeat","background-position":"center center","background-size":"auto","background-attachment":"scroll","background-type":"","background-media":"","overlay-type":"","overlay-color":"","overlay-opacity":"","overlay-gradient":""},"tablet":{"background-color":"var(--ast-global-color-5)","background-image":"","background-repeat":"repeat","background-position":"center center","background-size":"auto","background-attachment":"scroll","background-type":"","background-media":"","overlay-type":"","overlay-color":"","overlay-opacity":"","overlay-gradient":""},"mobile":{"background-color":"var(--ast-global-color-5)","background-image":"","background-repeat":"repeat","background-position":"center center","background-size":"auto","background-attachment":"scroll","background-type":"","background-media":"","overlay-type":"","overlay-color":"","overlay-opacity":"","overlay-gradient":""}},"footnotes":""},"class_list":["post-1104","page","type-page","status-publish","hentry"],"uagb_featured_image_src":{"full":false,"thumbnail":false,"medium":false,"medium_large":false,"large":false,"1536x1536":false,"2048x2048":false,"trp-custom-language-flag":false},"uagb_author_info":{"display_name":"nextadmin","author_link":"https:\/\/swiss-trustees.com\/it\/author\/nextadmin\/"},"uagb_comment_info":0,"uagb_excerpt":"1. The parties involved A trust involves four main parties: Settlor:\u00a0The person or entity who establishes the trust, transfers the assets, and defines the rules for management and distribution.Trustee:\u00a0The entity or individual responsible for managing the assets, with the duty to act exclusively in the interests of the beneficiaries and in accordance with the terms&hellip;","_links":{"self":[{"href":"https:\/\/swiss-trustees.com\/it\/wp-json\/wp\/v2\/pages\/1104","targetHints":{"allow":["GET"]}}],"collection":[{"href":"https:\/\/swiss-trustees.com\/it\/wp-json\/wp\/v2\/pages"}],"about":[{"href":"https:\/\/swiss-trustees.com\/it\/wp-json\/wp\/v2\/types\/page"}],"author":[{"embeddable":true,"href":"https:\/\/swiss-trustees.com\/it\/wp-json\/wp\/v2\/users\/1"}],"replies":[{"embeddable":true,"href":"https:\/\/swiss-trustees.com\/it\/wp-json\/wp\/v2\/comments?post=1104"}],"version-history":[{"count":1,"href":"https:\/\/swiss-trustees.com\/it\/wp-json\/wp\/v2\/pages\/1104\/revisions"}],"predecessor-version":[{"id":1376,"href":"https:\/\/swiss-trustees.com\/it\/wp-json\/wp\/v2\/pages\/1104\/revisions\/1376"}],"wp:attachment":[{"href":"https:\/\/swiss-trustees.com\/it\/wp-json\/wp\/v2\/media?parent=1104"}],"curies":[{"name":"wp","href":"https:\/\/api.w.org\/{rel}","templated":true}]}}