{"id":1241,"date":"2025-02-07T10:49:50","date_gmt":"2025-02-07T09:49:50","guid":{"rendered":"https:\/\/swisscapital.nextindustry.com\/?page_id=1241"},"modified":"2025-03-25T17:34:22","modified_gmt":"2025-03-25T17:34:22","slug":"our-services","status":"publish","type":"page","link":"https:\/\/swiss-trustees.com\/it\/our-services\/","title":{"rendered":"I nostri servizi"},"content":{"rendered":"<div class=\"wp-block-uagb-container uagb-block-80a45300 alignfull uagb-is-root-container\"><div class=\"uagb-container-inner-blocks-wrap\">\n<div class=\"wp-block-uagb-advanced-heading uagb-block-c058df85\"><h1 class=\"uagb-heading-text\">I nostri servizi<\/h1><\/div>\n\n\n\n<div class=\"wp-block-group is-layout-constrained wp-container-core-group-is-layout-f36bc466 wp-block-group-is-layout-constrained\">\n<p class=\"has-ast-global-color-1-color has-text-color has-link-color wp-elements-03ff3b2712be348ca190a3076bdffad6\">Supportiamo la costituzione di trust, fondazioni e altre strutture patrimoniali su misura, con sede in Svizzera o in altre giurisdizioni, e regolate dal diritto svizzero o da quello di altre giurisdizioni, garantendo un'amministrazione conforme e professionale per una gestione ottimale del patrimonio.<\/p>\n<\/div>\n<\/div><\/div>\n\n\n\n<div class=\"wp-block-uagb-container uagb-block-uzc82dlo alignfull uagb-is-root-container\"><div class=\"uagb-container-inner-blocks-wrap\">\n<div class=\"wp-block-uagb-container uagb-block-20ca6996\">\n<div data-aos= \"fade-up\" data-aos-duration=\"400\" data-aos-delay=\"0\" data-aos-easing=\"ease\" data-aos-once=\"true\" class=\"wp-block-uagb-info-box uagb-block-1f292a4f uagb-infobox__content-wrap  uagb-infobox-icon-left uagb-infobox-left uagb-infobox-stacked-tablet uagb-infobox-image-valign-top\"><div class=\"uagb-ifb-icon-wrap\"><svg xmlns=\"https:\/\/www.w3.org\/2000\/svg\" viewbox=\"0 0 512 512\"><path d=\"M243.4 2.587C251.4-.8625 260.6-.8625 268.6 2.587L492.6 98.59C506.6 104.6 514.4 119.6 511.3 134.4C508.3 149.3 495.2 159.1 479.1 160V168C479.1 181.3 469.3 192 455.1 192H55.1C42.74 192 31.1 181.3 31.1 168V160C16.81 159.1 3.708 149.3 .6528 134.4C-2.402 119.6 5.429 104.6 19.39 98.59L243.4 2.587zM256 128C273.7 128 288 113.7 288 96C288 78.33 273.7 64 256 64C238.3 64 224 78.33 224 96C224 113.7 238.3 128 256 128zM127.1 416H167.1V224H231.1V416H280V224H344V416H384V224H448V420.3C448.6 420.6 449.2 420.1 449.8 421.4L497.8 453.4C509.5 461.2 514.7 475.8 510.6 489.3C506.5 502.8 494.1 512 480 512H31.1C17.9 512 5.458 502.8 1.372 489.3C-2.715 475.8 2.515 461.2 14.25 453.4L62.25 421.4C62.82 420.1 63.41 420.6 63.1 420.3V224H127.1V416z\"><\/path><\/svg><\/div><div class=\"uagb-ifb-content\"><div class=\"uagb-ifb-title-wrap\"><h3 class=\"uagb-ifb-title\"><strong><strong><strong>Creazione e Gestione di Trust, Fondazioni e Strutture Personalizzate<\/strong><\/strong><\/strong><\/h3><\/div><p class=\"uagb-ifb-desc\">Offriamo soluzioni complete per la costituzione di trust, fondazioni e altre strutture patrimoniali su misura, garantendo la massima protezione e crescita del patrimonio. La nostra esperienza nella gestione di trust e fondazioni assicura il pieno rispetto delle normative internazionali, l\u2019efficienza fiscale e un approccio personalizzato. Le nostre soluzioni combinano efficienza e personalizzazione per soddisfare gli obiettivi unici dei nostri clienti.<\/p><div class=\"uagb-ifb-separator\"><\/div><\/div><\/div>\n\n\n\n<div data-aos= \"fade-up\" data-aos-duration=\"400\" data-aos-delay=\"0\" data-aos-easing=\"ease\" data-aos-once=\"true\" class=\"wp-block-uagb-info-box uagb-block-90c0e2fc uagb-infobox__content-wrap  uagb-infobox-icon-left uagb-infobox-left uagb-infobox-stacked-tablet uagb-infobox-image-valign-top\"><div class=\"uagb-ifb-icon-wrap\"><svg xmlns=\"https:\/\/www.w3.org\/2000\/svg\" viewbox=\"0 0 512 512\"><path d=\"M152.1 38.16C161.9 47.03 162.7 62.2 153.8 72.06L81.84 152.1C77.43 156.9 71.21 159.8 64.63 159.1C58.05 160.2 51.69 157.6 47.03 152.1L7.029 112.1C-2.343 103.6-2.343 88.4 7.029 79.03C16.4 69.66 31.6 69.66 40.97 79.03L63.08 101.1L118.2 39.94C127 30.09 142.2 29.29 152.1 38.16V38.16zM152.1 198.2C161.9 207 162.7 222.2 153.8 232.1L81.84 312.1C77.43 316.9 71.21 319.8 64.63 319.1C58.05 320.2 51.69 317.6 47.03 312.1L7.029 272.1C-2.343 263.6-2.343 248.4 7.029 239C16.4 229.7 31.6 229.7 40.97 239L63.08 261.1L118.2 199.9C127 190.1 142.2 189.3 152.1 198.2V198.2zM224 96C224 78.33 238.3 64 256 64H480C497.7 64 512 78.33 512 96C512 113.7 497.7 128 480 128H256C238.3 128 224 113.7 224 96V96zM224 256C224 238.3 238.3 224 256 224H480C497.7 224 512 238.3 512 256C512 273.7 497.7 288 480 288H256C238.3 288 224 273.7 224 256zM160 416C160 398.3 174.3 384 192 384H480C497.7 384 512 398.3 512 416C512 433.7 497.7 448 480 448H192C174.3 448 160 433.7 160 416zM0 416C0 389.5 21.49 368 48 368C74.51 368 96 389.5 96 416C96 442.5 74.51 464 48 464C21.49 464 0 442.5 0 416z\"><\/path><\/svg><\/div><div class=\"uagb-ifb-content\"><div class=\"uagb-ifb-title-wrap\"><h3 class=\"uagb-ifb-title\"><strong><strong><strong>Pianificazione per il Futuro<\/strong><\/strong><\/strong><\/h3><\/div><p class=\"uagb-ifb-desc\">Siamo specializzati nella progettazione di soluzioni su misura per la pianificazione patrimoniale e successoria, garantendo la protezione e la conservazione a lungo termine del patrimonio familiare. Attraverso strutture giuridiche efficaci, aiutiamo i nostri clienti a garantire la continuit\u00e0 generazionale, mitigare i rischi e proteggere il loro patrimonio da eventuali imprevisti. Inoltre, forniamo un supporto continuativo per adeguare queste strutture alle evoluzioni del nucleo familiare o ai cambiamenti normativi.<\/p><div class=\"uagb-ifb-separator\"><\/div><\/div><\/div>\n\n\n\n<div data-aos= \"fade-up\" data-aos-duration=\"400\" data-aos-delay=\"0\" data-aos-easing=\"ease\" data-aos-once=\"true\" class=\"wp-block-uagb-info-box uagb-block-5786975c uagb-infobox__content-wrap  uagb-infobox-icon-left uagb-infobox-left uagb-infobox-stacked-tablet uagb-infobox-image-valign-top\"><div class=\"uagb-ifb-icon-wrap\"><svg xmlns=\"https:\/\/www.w3.org\/2000\/svg\" viewbox=\"0 0 640 512\"><path d=\"M336 0C362.5 0 384 21.49 384 48V367.8C345.8 389.2 320 430 320 476.9C320 489.8 323.6 501.8 329.9 512H240V432C240 405.5 218.5 384 192 384C165.5 384 144 405.5 144 432V512H48C21.49 512 0 490.5 0 464V48C0 21.49 21.49 0 48 0H336zM64 272C64 280.8 71.16 288 80 288H112C120.8 288 128 280.8 128 272V240C128 231.2 120.8 224 112 224H80C71.16 224 64 231.2 64 240V272zM176 224C167.2 224 160 231.2 160 240V272C160 280.8 167.2 288 176 288H208C216.8 288 224 280.8 224 272V240C224 231.2 216.8 224 208 224H176zM256 272C256 280.8 263.2 288 272 288H304C312.8 288 320 280.8 320 272V240C320 231.2 312.8 224 304 224H272C263.2 224 256 231.2 256 240V272zM80 96C71.16 96 64 103.2 64 112V144C64 152.8 71.16 160 80 160H112C120.8 160 128 152.8 128 144V112C128 103.2 120.8 96 112 96H80zM160 144C160 152.8 167.2 160 176 160H208C216.8 160 224 152.8 224 144V112C224 103.2 216.8 96 208 96H176C167.2 96 160 103.2 160 112V144zM272 96C263.2 96 256 103.2 256 112V144C256 152.8 263.2 160 272 160H304C312.8 160 320 152.8 320 144V112C320 103.2 312.8 96 304 96H272zM576 272C576 316.2 540.2 352 496 352C451.8 352 416 316.2 416 272C416 227.8 451.8 192 496 192C540.2 192 576 227.8 576 272zM352 477.1C352 425.7 393.7 384 445.1 384H546.9C598.3 384 640 425.7 640 477.1C640 496.4 624.4 512 605.1 512H386.9C367.6 512 352 496.4 352 477.1V477.1z\"><\/path><\/svg><\/div><div class=\"uagb-ifb-content\"><div class=\"uagb-ifb-title-wrap\"><h3 class=\"uagb-ifb-title\"><strong><strong>Supporto Strategico per Famiglie e Aziende<\/strong><\/strong><\/h3><\/div><p class=\"uagb-ifb-desc\">I nostri servizi di consulenza garantiscono una gestione fluida delle partecipazioni societarie e l\u2019ottimizzazione dei modelli di governance aziendale. Attraverso trust e soluzioni di ristrutturazione personalizzate, allineiamo le partecipazioni societarie agli obiettivi di lungo termine, facilitando transizioni proprietarie armoniose. Il nostro approccio olistico assicura stabilit\u00e0 multigenerazionale e favorisce la crescita sostenibile delle imprese a conduzione familiare.<\/p><div class=\"uagb-ifb-separator\"><\/div><\/div><\/div>\n\n\n\n<div data-aos= \"fade-up\" data-aos-duration=\"400\" data-aos-delay=\"0\" data-aos-easing=\"ease\" data-aos-once=\"true\" class=\"wp-block-uagb-info-box uagb-block-9d6d09a5 uagb-infobox__content-wrap  uagb-infobox-icon-left uagb-infobox-left uagb-infobox-stacked-tablet uagb-infobox-image-valign-top\"><div class=\"uagb-ifb-icon-wrap\"><svg xmlns=\"https:\/\/www.w3.org\/2000\/svg\" viewbox=\"0 0 640 512\"><path d=\"M622.3 271.1l-115.1-45.01c-4.125-1.629-12.62-3.754-22.25 0L369.8 271.1C359 275.2 352 285.1 352 295.1c0 111.6 68.75 188.8 132.9 213.9c9.625 3.75 18 1.625 22.25 0C558.4 489.9 640 420.5 640 295.1C640 285.1 633 275.2 622.3 271.1zM496 462.4V273.2l95.5 37.38C585.9 397.8 530.6 446 496 462.4zM224 256c70.7 0 128-57.31 128-128S294.7 0 224 0C153.3 0 96 57.31 96 128S153.3 256 224 256zM320.6 310.3C305.9 306.3 290.6 304 274.7 304H173.3C77.61 304 0 381.7 0 477.4C0 496.5 15.52 512 34.66 512H413.3c3.143 0 5.967-1.004 8.861-1.789C369.7 469.8 324.1 400.3 320.6 310.3z\"><\/path><\/svg><\/div><div class=\"uagb-ifb-content\"><div class=\"uagb-ifb-title-wrap\"><h3 class=\"uagb-ifb-title\"><strong>Soluzioni per Persone Vulnerabili<\/strong><\/h3><\/div><p class=\"uagb-ifb-desc\">Creiamo strutture fiduciarie protettive \u2013 come trust per esigenze speciali e fondazioni \u2013 per garantire il benessere e la sicurezza finanziaria di persone con fragilit\u00e0 o necessit\u00e0 specifiche. Le nostre soluzioni personalizzate assicurano continuit\u00e0 nell\u2019assistenza, protezione del patrimonio e gestione professionale. Il nostro approccio, basato sulla sensibilit\u00e0 e sul rispetto della dignit\u00e0 e dell\u2019autonomia, offre alle famiglie serenit\u00e0 per il futuro.<\/p><div class=\"uagb-ifb-separator\"><\/div><\/div><\/div>\n\n\n\n<div data-aos= \"fade-up\" data-aos-duration=\"400\" data-aos-delay=\"0\" data-aos-easing=\"ease\" data-aos-once=\"true\" class=\"wp-block-uagb-info-box uagb-block-0d1759eb uagb-infobox__content-wrap  uagb-infobox-icon-left uagb-infobox-left uagb-infobox-stacked-tablet uagb-infobox-image-valign-top\"><div class=\"uagb-ifb-icon-wrap\"><svg xmlns=\"https:\/\/www.w3.org\/2000\/svg\" viewbox=\"0 0 640 512\"><path d=\"M208 112C208 50.14 258.1 0 320 0C381.9 0 432 50.14 432 112C432 173.9 381.9 224 320 224C258.1 224 208 173.9 208 112zM80 258.7L140.3 339C149.7 351.6 167.7 353.8 179.9 343.8C190.4 335.1 193.1 319.1 186 308.3L164.6 272.5C155.9 258 159.9 239.3 173.7 229.7C187.6 220.1 206.5 222.9 216.1 236L263.5 294.1C279.3 313.1 288 338.6 288 364.1V480C288 497.7 273.7 512 256 512H160C150.3 512 141.1 507.6 135 499.1L14.02 348.8C4.946 337.4 0 323.3 0 308.8V103.1C0 81.91 17.91 63.1 40 63.1C62.09 63.1 80 81.91 80 103.1V258.7zM640 104V308.8C640 323.3 635.1 337.4 625.1 348.8L504.1 499.1C498.9 507.6 489.7 512 480 512H384C366.3 512 352 497.7 352 480V364.1C352 338.6 360.7 313.1 376.5 294.1L423 236C433.5 222.9 452.4 220.1 466.3 229.7C480.1 239.3 484.1 258 475.4 272.5L453.1 308.3C446.9 319.1 449.6 335.1 460.2 343.8C472.3 353.8 490.3 351.6 499.7 339L560 258.7V104C560 81.91 577.9 64 600 64C622.1 64 640 81.91 640 104V104z\"><\/path><\/svg><\/div><div class=\"uagb-ifb-content\"><div class=\"uagb-ifb-title-wrap\"><h3 class=\"uagb-ifb-title\"><strong><strong><strong>Progetti Filantropici<\/strong><\/strong><\/strong><\/h3><\/div><p class=\"uagb-ifb-desc\">Aiutiamo le famiglie a trasformare la loro visione filantropica in realt\u00e0 attraverso la creazione e gestione di trust, fondazioni e altre entit\u00e0 dedicate a iniziative benefiche. Che si tratti di sostenere l\u2019istruzione, la sanit\u00e0, cause ambientali o progetti culturali, garantiamo che queste strutture siano allineate ai valori e alle intenzioni di lungo termine della famiglia. Offriamo inoltre consulenza su strategie di donazione fiscalmente efficienti per massimizzare le risorse destinate alla beneficenza.<\/p><div class=\"uagb-ifb-separator\"><\/div><\/div><\/div>\n\n\n\n<div data-aos= \"fade-up\" data-aos-duration=\"400\" data-aos-delay=\"0\" data-aos-easing=\"ease\" data-aos-once=\"true\" class=\"wp-block-uagb-info-box uagb-block-188c9c5a uagb-infobox__content-wrap  uagb-infobox-icon-left uagb-infobox-left uagb-infobox-stacked-tablet uagb-infobox-image-valign-top\"><div class=\"uagb-ifb-icon-wrap\"><svg xmlns=\"https:\/\/www.w3.org\/2000\/svg\" viewbox=\"0 0 576 512\"><path d=\"M256 16C256 9.018 260.5 2.841 267.2 .7414C273.9-1.358 281.1 1.105 285.1 6.826L509.1 326.8C512.5 331.7 512.9 338.1 510.2 343.4C507.4 348.7 501.1 352 496 352H272C263.2 352 256 344.8 256 336V16zM212.1 96.54C219.1 98.4 224 104.7 224 112V336C224 344.8 216.8 352 208 352H80C74.3 352 69.02 348.1 66.16 344C63.3 339.1 63.28 333 66.11 328.1L194.1 104.1C197.7 97.76 205.1 94.68 212.1 96.54V96.54zM5.718 404.3C2.848 394.1 10.52 384 21.12 384H554.9C565.5 384 573.2 394.1 570.3 404.3L566.3 418.7C550.7 473.9 500.4 512 443 512H132.1C75.62 512 25.27 473.9 9.747 418.7L5.718 404.3z\"><\/path><\/svg><\/div><div class=\"uagb-ifb-content\"><div class=\"uagb-ifb-title-wrap\"><h3 class=\"uagb-ifb-title\"><strong><strong>Gestione di Beni di Lusso<\/strong><\/strong><\/h3><\/div><p class=\"uagb-ifb-desc\">I nostri servizi dedicati si concentrano sull\u2019amministrazione e la conservazione di beni di alto valore, tra cui opere d\u2019arte, yacht, gioielli, immobili di lusso, aeromobili privati e altre propriet\u00e0 esclusive. Sviluppiamo strutture patrimoniali su misura per garantire una gestione professionale di questi beni, preservandone il valore nel tempo e garantendo al contempo riservatezza ed efficienza. Le nostre soluzioni offrono flessibilit\u00e0 per l\u2019uso e il trasferimento di tali asset tra generazioni.<\/p><div class=\"uagb-ifb-separator\"><\/div><\/div><\/div>\n<\/div>\n<\/div><\/div>\n\n\n\n<div class=\"wp-block-uagb-container contact-bfooter uagb-block-b9c90816 alignfull uagb-is-root-container\"><div class=\"uagb-container-inner-blocks-wrap\">\n<div class=\"wp-block-uagb-info-box uagb-block-6s2yeliq uagb-infobox__content-wrap  uagb-infobox-icon-above-title uagb-infobox-image-valign-top wp-block-uagb-info-box--has-margin\"><div class=\"uagb-infobox-margin-wrapper\"><div class=\"uagb-ifb-content\"><div class=\"uagb-ifb-title-wrap\"><p class=\"uagb-ifb-title-prefix\">CONTATTACI ORA:<\/p><\/div><\/div><\/div><\/div>\n\n\n\n<div class=\"wp-block-uagb-icon-list uagb-block-3081bc73\"><div class=\"uagb-icon-list__wrap\">\n<div class=\"wp-block-uagb-icon-list-child uagb-block-22404b41\"><a target=\"_self\" aria-label=\"+41 216411280\" rel=\"noopener noreferrer\" href=\"tel:+41 216411280\"> <\/a><span class=\"uagb-icon-list__source-wrap\"><svg xmlns=\"https:\/\/www.w3.org\/2000\/svg\" viewbox=\"0 0 512 512\"><path d=\"M511.2 387l-23.25 100.8c-3.266 14.25-15.79 24.22-30.46 24.22C205.2 512 0 306.8 0 54.5c0-14.66 9.969-27.2 24.22-30.45l100.8-23.25C139.7-2.602 154.7 5.018 160.8 18.92l46.52 108.5c5.438 12.78 1.77 27.67-8.98 36.45L144.5 207.1c33.98 69.22 90.26 125.5 159.5 159.5l44.08-53.8c8.688-10.78 23.69-14.51 36.47-8.975l108.5 46.51C506.1 357.2 514.6 372.4 511.2 387z\"><\/path><\/svg><\/span><span class=\"uagb-icon-list__label\">+41 216411280<\/span><\/div>\n\n\n\n<div class=\"wp-block-uagb-icon-list-child uagb-block-90928a3f\"><a target=\"_self\" aria-label=\"info@swiss-trustees.com\" rel=\"noopener noreferrer\" href=\"mailto:info@swiss-trustees.com\"> <\/a><span class=\"uagb-icon-list__source-wrap\"><svg xmlns=\"https:\/\/www.w3.org\/2000\/svg\" viewbox=\"0 0 512 512\"><path d=\"M256 417.1c-16.38 0-32.88-4.1-46.88-15.12L0 250.9v213.1C0 490.5 21.5 512 48 512h416c26.5 0 48-21.5 48-47.1V250.9l-209.1 151.1C288.9 412 272.4 417.1 256 417.1zM493.6 163C484.8 156 476.4 149.5 464 140.1v-44.12c0-26.5-21.5-48-48-48l-77.5 .0016c-3.125-2.25-5.875-4.25-9.125-6.5C312.6 29.13 279.3-.3732 256 .0018C232.8-.3732 199.4 29.13 182.6 41.5c-3.25 2.25-6 4.25-9.125 6.5L96 48c-26.5 0-48 21.5-48 48v44.12C35.63 149.5 27.25 156 18.38 163C6.75 172 0 186 0 200.8v10.62l96 69.37V96h320v184.7l96-69.37V200.8C512 186 505.3 172 493.6 163zM176 255.1h160c8.836 0 16-7.164 16-15.1c0-8.838-7.164-16-16-16h-160c-8.836 0-16 7.162-16 16C160 248.8 167.2 255.1 176 255.1zM176 191.1h160c8.836 0 16-7.164 16-16c0-8.838-7.164-15.1-16-15.1h-160c-8.836 0-16 7.162-16 15.1C160 184.8 167.2 191.1 176 191.1z\"><\/path><\/svg><\/span><span class=\"uagb-icon-list__label\">info@swiss-trustees.com<\/span><\/div>\n<\/div><\/div>\n<\/div><\/div>","protected":false},"excerpt":{"rendered":"<p>Our Services We support the establishment of trusts, foundations, and other tailored patrimonial structures, with headquarters in Switzerland or other jurisdictions, and governed by Swiss law or by the law of other jurisdictions, ensuring compliant and professional administration for optimal asset administration.<\/p>","protected":false},"author":1,"featured_media":0,"parent":0,"menu_order":0,"comment_status":"closed","ping_status":"closed","template":"","meta":{"_uag_custom_page_level_css":"","site-sidebar-layout":"default","site-content-layout":"","ast-site-content-layout":"default","site-content-style":"default","site-sidebar-style":"default","ast-global-header-display":"","ast-banner-title-visibility":"","ast-main-header-display":"","ast-hfb-above-header-display":"","ast-hfb-below-header-display":"","ast-hfb-mobile-header-display":"","site-post-title":"disabled","ast-breadcrumbs-content":"","ast-featured-img":"","footer-sml-layout":"","theme-transparent-header-meta":"enabled","adv-header-id-meta":"","stick-header-meta":"","header-above-stick-meta":"","header-main-stick-meta":"","header-below-stick-meta":"","astra-migrate-meta-layouts":"set","ast-page-background-enabled":"default","ast-page-background-meta":{"desktop":{"background-color":"var(--ast-global-color-4)","background-image":"","background-repeat":"repeat","background-position":"center center","background-size":"auto","background-attachment":"scroll","background-type":"","background-media":"","overlay-type":"","overlay-color":"","overlay-opacity":"","overlay-gradient":""},"tablet":{"background-color":"","background-image":"","background-repeat":"repeat","background-position":"center center","background-size":"auto","background-attachment":"scroll","background-type":"","background-media":"","overlay-type":"","overlay-color":"","overlay-opacity":"","overlay-gradient":""},"mobile":{"background-color":"","background-image":"","background-repeat":"repeat","background-position":"center center","background-size":"auto","background-attachment":"scroll","background-type":"","background-media":"","overlay-type":"","overlay-color":"","overlay-opacity":"","overlay-gradient":""}},"ast-content-background-meta":{"desktop":{"background-color":"var(--ast-global-color-5)","background-image":"","background-repeat":"repeat","background-position":"center center","background-size":"auto","background-attachment":"scroll","background-type":"","background-media":"","overlay-type":"","overlay-color":"","overlay-opacity":"","overlay-gradient":""},"tablet":{"background-color":"var(--ast-global-color-5)","background-image":"","background-repeat":"repeat","background-position":"center center","background-size":"auto","background-attachment":"scroll","background-type":"","background-media":"","overlay-type":"","overlay-color":"","overlay-opacity":"","overlay-gradient":""},"mobile":{"background-color":"var(--ast-global-color-5)","background-image":"","background-repeat":"repeat","background-position":"center center","background-size":"auto","background-attachment":"scroll","background-type":"","background-media":"","overlay-type":"","overlay-color":"","overlay-opacity":"","overlay-gradient":""}},"footnotes":""},"class_list":["post-1241","page","type-page","status-publish","hentry"],"uagb_featured_image_src":{"full":false,"thumbnail":false,"medium":false,"medium_large":false,"large":false,"1536x1536":false,"2048x2048":false,"trp-custom-language-flag":false},"uagb_author_info":{"display_name":"nextadmin","author_link":"https:\/\/swiss-trustees.com\/it\/author\/nextadmin\/"},"uagb_comment_info":0,"uagb_excerpt":"Our Services We support the establishment of trusts, foundations, and other tailored patrimonial structures, with headquarters in Switzerland or other jurisdictions, and governed by Swiss law or by the law of other jurisdictions, ensuring compliant and professional administration for optimal asset administration.","_links":{"self":[{"href":"https:\/\/swiss-trustees.com\/it\/wp-json\/wp\/v2\/pages\/1241","targetHints":{"allow":["GET"]}}],"collection":[{"href":"https:\/\/swiss-trustees.com\/it\/wp-json\/wp\/v2\/pages"}],"about":[{"href":"https:\/\/swiss-trustees.com\/it\/wp-json\/wp\/v2\/types\/page"}],"author":[{"embeddable":true,"href":"https:\/\/swiss-trustees.com\/it\/wp-json\/wp\/v2\/users\/1"}],"replies":[{"embeddable":true,"href":"https:\/\/swiss-trustees.com\/it\/wp-json\/wp\/v2\/comments?post=1241"}],"version-history":[{"count":4,"href":"https:\/\/swiss-trustees.com\/it\/wp-json\/wp\/v2\/pages\/1241\/revisions"}],"predecessor-version":[{"id":1411,"href":"https:\/\/swiss-trustees.com\/it\/wp-json\/wp\/v2\/pages\/1241\/revisions\/1411"}],"wp:attachment":[{"href":"https:\/\/swiss-trustees.com\/it\/wp-json\/wp\/v2\/media?parent=1241"}],"curies":[{"name":"wp","href":"https:\/\/api.w.org\/{rel}","templated":true}]}}